{"id":33220,"date":"2025-03-05T00:09:58","date_gmt":"2025-03-04T23:09:58","guid":{"rendered":"https:\/\/tandemteam.es\/profil-de-lutilisateur-wp-2fa\/"},"modified":"2025-03-05T00:09:58","modified_gmt":"2025-03-04T23:09:58","slug":"profil-de-lutilisateur-wp-2fa","status":"publish","type":"page","link":"https:\/\/tandemteam.es\/fr\/profil-de-lutilisateur-wp-2fa\/","title":{"rendered":"Profil de l&rsquo;utilisateur WP 2FA"},"content":{"rendered":"<p>[wp-2fa-setup-form] <\/p>\n<p>Page g\u00e9n\u00e9r\u00e9e par le <a href=\"https:\/\/melapress.com\/wordpress-2fa\/?&amp;utm_source=plugin&amp;utm_medium=link&amp;utm_campaign=wp2fa\" target=\"_blank\">plugin WP 2FA<\/a><\/p>\n","protected":false},"excerpt":{"rendered":"<p>[wp-2fa-setup-form] Page g\u00e9n\u00e9r\u00e9e par le plugin WP 2FA<\/p>\n","protected":false},"author":9,"featured_media":0,"parent":0,"menu_order":0,"comment_status":"closed","ping_status":"closed","template":"","meta":{"footnotes":""},"class_list":["post-33220","page","type-page","status-publish","hentry"],"aioseo_notices":[],"_links":{"self":[{"href":"https:\/\/tandemteam.es\/fr\/wp-json\/wp\/v2\/pages\/33220","targetHints":{"allow":["GET"]}}],"collection":[{"href":"https:\/\/tandemteam.es\/fr\/wp-json\/wp\/v2\/pages"}],"about":[{"href":"https:\/\/tandemteam.es\/fr\/wp-json\/wp\/v2\/types\/page"}],"author":[{"embeddable":true,"href":"https:\/\/tandemteam.es\/fr\/wp-json\/wp\/v2\/users\/9"}],"replies":[{"embeddable":true,"href":"https:\/\/tandemteam.es\/fr\/wp-json\/wp\/v2\/comments?post=33220"}],"version-history":[{"count":0,"href":"https:\/\/tandemteam.es\/fr\/wp-json\/wp\/v2\/pages\/33220\/revisions"}],"wp:attachment":[{"href":"https:\/\/tandemteam.es\/fr\/wp-json\/wp\/v2\/media?parent=33220"}],"curies":[{"name":"wp","href":"https:\/\/api.w.org\/{rel}","templated":true}]}}