{"id":33433,"date":"2021-03-10T12:46:02","date_gmt":"2021-03-10T11:46:02","guid":{"rendered":"https:\/\/tandemteam.es\/comment-sy-rendre\/"},"modified":"2025-03-27T12:13:18","modified_gmt":"2025-03-27T11:13:18","slug":"comment-sy-rendre","status":"publish","type":"page","link":"https:\/\/tandemteam.es\/fr\/comment-sy-rendre\/","title":{"rendered":"Comment s&rsquo;y rendre"},"content":{"rendered":"\t\t<div data-elementor-type=\"wp-page\" data-elementor-id=\"33433\" class=\"elementor elementor-33433 elementor-17800\" data-elementor-post-type=\"page\">\n\t\t\t\t\t\t<section class=\"elementor-section elementor-top-section elementor-element elementor-element-95f4b27 elementor-section-boxed elementor-section-height-default elementor-section-height-default\" data-id=\"95f4b27\" data-element_type=\"section\" data-e-type=\"section\">\n\t\t\t\t\t\t<div class=\"elementor-container elementor-column-gap-default\">\n\t\t\t\t\t<div class=\"elementor-column elementor-col-100 elementor-top-column elementor-element elementor-element-6394abf\" data-id=\"6394abf\" data-element_type=\"column\" data-e-type=\"column\">\n\t\t\t<div class=\"elementor-widget-wrap elementor-element-populated\">\n\t\t\t\t\t\t<div class=\"elementor-element elementor-element-7c2e06f elementor-widget elementor-widget-spacer\" data-id=\"7c2e06f\" data-element_type=\"widget\" data-e-type=\"widget\" data-widget_type=\"spacer.default\">\n\t\t\t\t<div class=\"elementor-widget-container\">\n\t\t\t\t\t\t\t<div class=\"elementor-spacer\">\n\t\t\t<div class=\"elementor-spacer-inner\"><\/div>\n\t\t<\/div>\n\t\t\t\t\t\t<\/div>\n\t\t\t\t<\/div>\n\t\t\t\t<div class=\"elementor-element elementor-element-15a81f1 elementor-widget elementor-widget-image\" data-id=\"15a81f1\" data-element_type=\"widget\" data-e-type=\"widget\" data-widget_type=\"image.default\">\n\t\t\t\t<div class=\"elementor-widget-container\">\n\t\t\t\t\t\t\t\t\t\t\t\t\t\t\t<img decoding=\"async\" src=\"https:\/\/tandemteam.es\/wp-content\/uploads\/elementor\/thumbs\/Track-marmota-Ignacio-Arevalo-2021-pomhs4ii7yd0c21k627wbnnsnqvq8fh0tgvimxyv8u.jpg\" title=\"Track marmota Ignacio Arevalo 2021\" alt=\"Track marmota Ignacio Arevalo 2021\" loading=\"lazy\" \/>\t\t\t\t\t\t\t\t\t\t\t\t\t\t\t<\/div>\n\t\t\t\t<\/div>\n\t\t\t\t\t<\/div>\n\t\t<\/div>\n\t\t\t\t\t<\/div>\n\t\t<\/section>\n\t\t\t\t<section class=\"elementor-section elementor-top-section elementor-element elementor-element-34cee25 elementor-section-boxed elementor-section-height-default elementor-section-height-default\" data-id=\"34cee25\" data-element_type=\"section\" data-e-type=\"section\">\n\t\t\t\t\t\t<div class=\"elementor-container elementor-column-gap-default\">\n\t\t\t\t\t<div class=\"elementor-column elementor-col-100 elementor-top-column elementor-element elementor-element-518eb68\" data-id=\"518eb68\" data-element_type=\"column\" data-e-type=\"column\">\n\t\t\t<div class=\"elementor-widget-wrap elementor-element-populated\">\n\t\t\t\t\t\t<div class=\"elementor-element elementor-element-91d2e74 elementor-alert-warning elementor-widget elementor-widget-alert\" data-id=\"91d2e74\" data-element_type=\"widget\" data-e-type=\"widget\" data-widget_type=\"alert.default\">\n\t\t\t\t<div class=\"elementor-widget-container\">\n\t\t\t\t\t\t\t<div class=\"elementor-alert\" role=\"alert\">\n\n\t\t\t\t\t\t<span class=\"elementor-alert-title\">ATTENTION<\/span>\n\t\t\t\n\t\t\t\t\t\t<span class=\"elementor-alert-description\">  La N260 est ferm\u00e9e pour travaux, sur le tron\u00e7on de Campo \u00e0 Seira. Ils ont communiqu\u00e9 qu'ils proc\u00e9deront \u00e0 l'ouverture le vendredi 23 juin \u00e0 18:30 h, fermeront \u00e0 nouveau le lundi 26 \u00e0 6:00 h et ouvriront le vendredi 30 \u00e0 11:30 h.   \nEntre le 15 juillet et le 15 ao\u00fbt, il n'y aura pas de fermeture de routes, sauf, pour des raisons de s\u00e9curit\u00e9 routi\u00e8re, celles n\u00e9cessaires \u00e0 l'installation des parapets.\n\nItin\u00e9raires recommand\u00e9s :\n\nSi vous \u00eates de passage \u00e0 Graus :\n\n\n\nSi vous \u00eates de passage \u00e0 Ainsa :\n\n<\/span>\n\t\t\t\n\t\t\t\t\t\t<button type=\"button\" class=\"elementor-alert-dismiss\" aria-label=\"Ignorer cette alerte.\">\n\t\t\t\t<svg aria-hidden=\"true\" class=\"e-font-icon-svg e-far-times-circle\" viewBox=\"0 0 512 512\" xmlns=\"http:\/\/www.w3.org\/2000\/svg\"><path d=\"M256 8C119 8 8 119 8 256s111 248 248 248 248-111 248-248S393 8 256 8zm0 448c-110.5 0-200-89.5-200-200S145.5 56 256 56s200 89.5 200 200-89.5 200-200 200zm101.8-262.2L295.6 256l62.2 62.2c4.7 4.7 4.7 12.3 0 17l-22.6 22.6c-4.7 4.7-12.3 4.7-17 0L256 295.6l-62.2 62.2c-4.7 4.7-12.3 4.7-17 0l-22.6-22.6c-4.7-4.7-4.7-12.3 0-17l62.2-62.2-62.2-62.2c-4.7-4.7-4.7-12.3 0-17l22.6-22.6c4.7-4.7 12.3-4.7 17 0l62.2 62.2 62.2-62.2c4.7-4.7 12.3-4.7 17 0l22.6 22.6c4.7 4.7 4.7 12.3 0 17z\"><\/path><\/svg>\t\t\t<\/button>\n\t\t\t\n\t\t<\/div>\n\t\t\t\t\t\t<\/div>\n\t\t\t\t<\/div>\n\t\t\t\t<div class=\"elementor-element elementor-element-edd7951 elementor-tabs-view-horizontal elementor-widget elementor-widget-tabs\" data-id=\"edd7951\" data-element_type=\"widget\" data-e-type=\"widget\" data-widget_type=\"tabs.default\">\n\t\t\t\t<div class=\"elementor-widget-container\">\n\t\t\t\t\t\t\t<div class=\"elementor-tabs\">\n\t\t\t<div class=\"elementor-tabs-wrapper\" role=\"tablist\" >\n\t\t\t\t\t\t\t\t\t<div id=\"elementor-tab-title-2491\" class=\"elementor-tab-title elementor-tab-desktop-title\" aria-selected=\"true\" data-tab=\"1\" role=\"tab\" tabindex=\"0\" aria-controls=\"elementor-tab-content-2491\" aria-expanded=\"false\">Par route<\/div>\n\t\t\t\t\t\t\t\t\t<div id=\"elementor-tab-title-2492\" class=\"elementor-tab-title elementor-tab-desktop-title\" aria-selected=\"false\" data-tab=\"2\" role=\"tab\" tabindex=\"-1\" aria-controls=\"elementor-tab-content-2492\" aria-expanded=\"false\">En bus<\/div>\n\t\t\t\t\t\t\t\t\t<div id=\"elementor-tab-title-2493\" class=\"elementor-tab-title elementor-tab-desktop-title\" aria-selected=\"false\" data-tab=\"3\" role=\"tab\" tabindex=\"-1\" aria-controls=\"elementor-tab-content-2493\" aria-expanded=\"false\">En train<\/div>\n\t\t\t\t\t\t\t\t\t<div id=\"elementor-tab-title-2494\" class=\"elementor-tab-title elementor-tab-desktop-title\" aria-selected=\"false\" data-tab=\"4\" role=\"tab\" tabindex=\"-1\" aria-controls=\"elementor-tab-content-2494\" aria-expanded=\"false\">Par avion<\/div>\n\t\t\t\t\t\t\t<\/div>\n\t\t\t<div class=\"elementor-tabs-content-wrapper\" role=\"tablist\" aria-orientation=\"vertical\">\n\t\t\t\t\t\t\t\t\t<div class=\"elementor-tab-title elementor-tab-mobile-title\" aria-selected=\"true\" data-tab=\"1\" role=\"tab\" tabindex=\"0\" aria-controls=\"elementor-tab-content-2491\" aria-expanded=\"false\">Par route<\/div>\n\t\t\t\t\t<div id=\"elementor-tab-content-2491\" class=\"elementor-tab-content elementor-clearfix\" data-tab=\"1\" role=\"tabpanel\" aria-labelledby=\"elementor-tab-title-2491\" tabindex=\"0\" hidden=\"false\"><ul>\n<li><strong>Par la route :<\/strong> N-260, Km. 385<\/li>\n<li><strong>Depuis Madrid<\/strong>: 510 km environ &#8211; 6 heures <br \/>Prendre l&rsquo;A-2<br \/>jusqu&rsquo;\u00e0 Saragosse, puis l&rsquo;A-23 jusqu&rsquo;\u00e0 Huesca.<br \/>Continuez sur la N-240<br \/>jusqu&rsquo;\u00e0 Barbastro et prenez la N-123 jusqu&rsquo;\u00e0 Graus o\u00f9 vous verrez les indications directes pour Castej\u00f3n de Sos sur la A-139 et plus tard sur<br \/>la N-260 (\u00e0 Campo).   <\/li>\n<li><strong>Depuis Barcelone :<\/strong> 300 km environ &#8211; 3 h. 30 min.   <br \/>Il y a deux options :  <br \/>&#8211; Barcelone  &gt;  Tarrega  &gt;  Alfarr\u00e1s  &gt;  Benabarre  &gt;  Graus  &gt;  Castej\u00f3n de Sos  <br \/>&#8211; Barcelone  &gt;  L\u00e9rida  &gt;  Alfarr\u00e1s  &gt;  Benabarre  &gt;  Graus  &gt;  Castej\u00f3n de Sos  <\/li>\n<li><strong>Depuis Saint-S\u00e9bastien<\/strong>: 375 km environ &#8211; 5h. 15 min.   <br \/>Il y a 2 pistes :  <br \/>&#8211; San sebastian  &gt;  Autoroute \u00e0 travers la France  &gt;  Viella  &gt;  Laspa\u00fales  &gt;  Castej\u00f3n de Sos  <br \/>&#8211; Saint-S\u00e9bastien  &gt;  Pampelune  &gt;  Huesca  &gt;  Barbastro  &gt;  Graus  &gt;  Castej\u00f3n de Sos<\/li>\n<li><strong>Depuis la France (Tarbes et Toulouse) :<\/strong> <br \/>Il est conseill\u00e9 d&#8217;emprunter l&rsquo;autoroute et, \u00e0 St-Gaudens, de prendre la sortie Viella (Vielha), puis de passer Laspa\u00fales jusqu&rsquo;\u00e0 Castej\u00f3n de Sos. <br \/>Toulouse : 225 km environ &#8211; 3 heures   <\/li>\n<li>Saragosse &#8211; Huesca &#8211; Barbastro &#8211; Graus &#8211; Campo &#8211; Seira &#8211; El Run &#8211; Castej\u00f3n de Sos<\/li>\n<\/ul>\n<\/div>\n\t\t\t\t\t\t\t\t\t<div class=\"elementor-tab-title elementor-tab-mobile-title\" aria-selected=\"false\" data-tab=\"2\" role=\"tab\" tabindex=\"-1\" aria-controls=\"elementor-tab-content-2492\" aria-expanded=\"false\">En bus<\/div>\n\t\t\t\t\t<div id=\"elementor-tab-content-2492\" class=\"elementor-tab-content elementor-clearfix\" data-tab=\"2\" role=\"tabpanel\" aria-labelledby=\"elementor-tab-title-2492\" tabindex=\"0\" hidden=\"hidden\"><\/p>\n<p><span style=\"color: #0000ff;\"><a style=\"color: #0000ff;\" href=\"http:\/\/alosa.avanzabus.com\/web\/quienes_somos\/puntos_de_venta.html\" target=\"_blank\" rel=\"noopener\">Points de vente :<\/a><\/span><\/p>\n<ul>\n<li>D&rsquo;o\u00f9 que l&rsquo;on vienne, il faut compter avec le fait qu&rsquo;il n&rsquo;y a que deux bus par jour pour se rendre \u00e0 Castej\u00f3n de Sos : <br \/>&#8211; 1\u00ba. Arriv\u00e9e \u00e0 13.00 h. environ <br \/>&#8211; 2\u00ba. Arriv\u00e9e \u00e0 19.15 h. environ.\n<p>Ils peuvent \u00eatre pris \u00e0 Huesca \u00e0 10h30 ou \u00e0 16h30 ; ou \u00e0 Barbastro \u00e0 11h30 ou \u00e0 17h20. <br \/>Dans tous les cas, les compagnies qui travaillent dans cette zone sont Alsa et Alosa (vous pouvez consulter leurs sites web <a href=\"http:\/\/www.alosa.es\/\">: http:\/\/www.alosa.es<\/a> et <a href=\"http:\/\/www.alsa.es\/\">http:\/\/www.alsa.es)<\/a><br \/>. Vous pouvez \u00e9galement appeler la compagnie d&rsquo;autobus de Huesca : 902 210 700.  <\/li>\n<\/ul>\n<p>Ligne de bus :<\/p>\n<ul>\n<li>Barcelone &#8211; L\u00e9rida &#8211; Monz\u00f3n &#8211; Barbastro &#8211; Graus &#8211; Castej\u00f3n de Sos<\/li>\n<li>Zaragona &#8211; Huesca &#8211; Barbastro &#8211; Graus &#8211; Castej\u00f3n de Sos<\/li>\n<\/ul>\n<\/div>\n\t\t\t\t\t\t\t\t\t<div class=\"elementor-tab-title elementor-tab-mobile-title\" aria-selected=\"false\" data-tab=\"3\" role=\"tab\" tabindex=\"-1\" aria-controls=\"elementor-tab-content-2493\" aria-expanded=\"false\">En train<\/div>\n\t\t\t\t\t<div id=\"elementor-tab-content-2493\" class=\"elementor-tab-content elementor-clearfix\" data-tab=\"3\" role=\"tabpanel\" aria-labelledby=\"elementor-tab-title-2493\" tabindex=\"0\" hidden=\"hidden\"><p>Les gares ferroviaires les plus proches sont celles de Huesca, Monz\u00f3n et L\u00e9rida. De l\u00e0, vous devrez utiliser le service de bus. <\/p>\n<p> <span style=\"color: #0000ff;\"><a style=\"color: #0000ff;\" href=\"http:\/\/www.adif.es\/es_ES\/infraestructuras\/estaciones\/78301\/informacion_000219.shtml\" target=\"_blank\" rel=\"noopener\">Monz\u00f3n<\/a><\/span> T\u00e9l. 974 401 244<\/p>\n<p><span style=\"color: #0000ff;\"><a style=\"color: #0000ff;\" href=\"http:\/\/www.adif.es\/es_ES\/infraestructuras\/estaciones\/74200\/informacion_000099.shtml\" target=\"_blank\" rel=\"noopener\">Huesca<\/a><\/span> <span style=\"font-family: Larsseit, sans-serif; font-size: 16px;\">T\u00e9l. 912 432 343<\/span><\/p>\n<\/div>\n\t\t\t\t\t\t\t\t\t<div class=\"elementor-tab-title elementor-tab-mobile-title\" aria-selected=\"false\" data-tab=\"4\" role=\"tab\" tabindex=\"-1\" aria-controls=\"elementor-tab-content-2494\" aria-expanded=\"false\">Par avion<\/div>\n\t\t\t\t\t<div id=\"elementor-tab-content-2494\" class=\"elementor-tab-content elementor-clearfix\" data-tab=\"4\" role=\"tabpanel\" aria-labelledby=\"elementor-tab-title-2494\" tabindex=\"0\" hidden=\"hidden\"><p>Les a\u00e9roports les plus proches sont ceux de Saragosse, Huesca et Barcelone. Une fois sur place, il convient d&rsquo;utiliser le train ou le bus. <\/p>\n<p><strong><a href=\"http:\/\/es.wikipedia.org\/wiki\/Aeropuerto_de_Barcelona\" target=\"_blank\" rel=\"noopener\"><span style=\"color: #0000ff;\">Barcelona<\/span> <span style=\"color: #0000ff;\">BCN <\/span><\/a>, <span style=\"color: #0000ff;\"><a style=\"color: #0000ff;\" title=\"A\u00e9roport de Saragosse\" href=\"http:\/\/es.wikipedia.org\/wiki\/Aeropuerto_de_Zaragoza\" target=\"_blank\" rel=\"noopener\">Zaragoza ZAZ<\/a>, <\/span> <span style=\"color: #0000ff;\"><a style=\"color: #0000ff;\" href=\"http:\/\/es.wikipedia.org\/wiki\/Aeropuerto_de_Huesca\" target=\"_blank\" rel=\"noopener\">Huesca HSK<\/a><\/span><\/strong><br \/>A\u00e9roport le plus proche, Zaragoza<\/p>\n<\/div>\n\t\t\t\t\t\t\t<\/div>\n\t\t<\/div>\n\t\t\t\t\t\t<\/div>\n\t\t\t\t<\/div>\n\t\t\t\t\t<\/div>\n\t\t<\/div>\n\t\t\t\t\t<\/div>\n\t\t<\/section>\n\t\t\t\t<section class=\"elementor-section elementor-top-section elementor-element elementor-element-3a2e97d elementor-section-boxed elementor-section-height-default elementor-section-height-default\" data-id=\"3a2e97d\" data-element_type=\"section\" data-e-type=\"section\">\n\t\t\t\t\t\t<div class=\"elementor-container elementor-column-gap-default\">\n\t\t\t\t\t<div class=\"elementor-column elementor-col-100 elementor-top-column elementor-element elementor-element-9e1e25b\" data-id=\"9e1e25b\" data-element_type=\"column\" data-e-type=\"column\">\n\t\t\t<div class=\"elementor-widget-wrap elementor-element-populated\">\n\t\t\t\t\t\t<div class=\"elementor-element elementor-element-e522588 elementor-widget elementor-widget-google_maps\" data-id=\"e522588\" data-element_type=\"widget\" data-e-type=\"widget\" data-widget_type=\"google_maps.default\">\n\t\t\t\t<div class=\"elementor-widget-container\">\n\t\t\t\t\t\t\t<div class=\"elementor-custom-embed\">\n\t\t\t<iframe loading=\"lazy\"\n\t\t\t\t\tsrc=\"https:\/\/maps.google.com\/maps?q=Escuela%20de%20Parapente%20y%20Centro%20de%20Vuelo%20%7C%20Tandem%20Team&#038;t=m&#038;z=6&#038;output=embed&#038;iwloc=near\"\n\t\t\t\t\ttitle=\"Escuela de Parapente y Centro de Vuelo | Tandem Team\"\n\t\t\t\t\taria-label=\"Escuela de Parapente y Centro de Vuelo | Tandem Team\"\n\t\t\t><\/iframe>\n\t\t<\/div>\n\t\t\t\t\t\t<\/div>\n\t\t\t\t<\/div>\n\t\t\t\t\t<\/div>\n\t\t<\/div>\n\t\t\t\t\t<\/div>\n\t\t<\/section>\n\t\t\t\t<\/div>\n\t\t","protected":false},"excerpt":{"rendered":"<p>ATTENTION La N260 est ferm\u00e9e pour travaux, sur le tron\u00e7on de Campo \u00e0 Seira. Ils ont communiqu\u00e9 qu&rsquo;ils proc\u00e9deront \u00e0 l&rsquo;ouverture le vendredi 23 juin \u00e0 18:30 h, fermeront \u00e0 nouveau le lundi 26 \u00e0 6:00 h et ouvriront le vendredi 30 \u00e0 11:30 h. Entre le 15 juillet et le 15 ao\u00fbt, il n&rsquo;y [&hellip;]<\/p>\n","protected":false},"author":9,"featured_media":0,"parent":0,"menu_order":0,"comment_status":"closed","ping_status":"closed","template":"elementor_header_footer","meta":{"footnotes":""},"class_list":["post-33433","page","type-page","status-publish","hentry"],"aioseo_notices":[],"_links":{"self":[{"href":"https:\/\/tandemteam.es\/fr\/wp-json\/wp\/v2\/pages\/33433","targetHints":{"allow":["GET"]}}],"collection":[{"href":"https:\/\/tandemteam.es\/fr\/wp-json\/wp\/v2\/pages"}],"about":[{"href":"https:\/\/tandemteam.es\/fr\/wp-json\/wp\/v2\/types\/page"}],"author":[{"embeddable":true,"href":"https:\/\/tandemteam.es\/fr\/wp-json\/wp\/v2\/users\/9"}],"replies":[{"embeddable":true,"href":"https:\/\/tandemteam.es\/fr\/wp-json\/wp\/v2\/comments?post=33433"}],"version-history":[{"count":1,"href":"https:\/\/tandemteam.es\/fr\/wp-json\/wp\/v2\/pages\/33433\/revisions"}],"predecessor-version":[{"id":33435,"href":"https:\/\/tandemteam.es\/fr\/wp-json\/wp\/v2\/pages\/33433\/revisions\/33435"}],"wp:attachment":[{"href":"https:\/\/tandemteam.es\/fr\/wp-json\/wp\/v2\/media?parent=33433"}],"curies":[{"name":"wp","href":"https:\/\/api.w.org\/{rel}","templated":true}]}}