{"id":33448,"date":"2021-03-10T13:33:39","date_gmt":"2021-03-10T12:33:39","guid":{"rendered":"https:\/\/tandemteam.es\/elementor-17824\/"},"modified":"2025-03-27T12:13:20","modified_gmt":"2025-03-27T11:13:20","slug":"elementor-17824","status":"publish","type":"page","link":"https:\/\/tandemteam.es\/fr\/elementor-17824\/","title":{"rendered":"Elementor #17824"},"content":{"rendered":"\t\t<div data-elementor-type=\"wp-page\" data-elementor-id=\"33448\" class=\"elementor elementor-33448 elementor-17824\" data-elementor-post-type=\"page\">\n\t\t\t\t\t\t<section class=\"elementor-section elementor-top-section elementor-element elementor-element-10a6820 elementor-section-boxed elementor-section-height-default elementor-section-height-default\" data-id=\"10a6820\" data-element_type=\"section\" data-e-type=\"section\">\n\t\t\t\t\t\t<div class=\"elementor-container elementor-column-gap-default\">\n\t\t\t\t\t<div class=\"elementor-column elementor-col-100 elementor-top-column elementor-element elementor-element-06fbb75\" data-id=\"06fbb75\" data-element_type=\"column\" data-e-type=\"column\">\n\t\t\t<div class=\"elementor-widget-wrap\">\n\t\t\t\t\t\t\t<\/div>\n\t\t<\/div>\n\t\t\t\t\t<\/div>\n\t\t<\/section>\n\t\t\t\t<section class=\"elementor-section elementor-top-section elementor-element elementor-element-95e8587 elementor-section-boxed elementor-section-height-default elementor-section-height-default\" data-id=\"95e8587\" data-element_type=\"section\" data-e-type=\"section\">\n\t\t\t\t\t\t<div class=\"elementor-container elementor-column-gap-default\">\n\t\t\t\t\t<div class=\"elementor-column elementor-col-100 elementor-top-column elementor-element elementor-element-acc44ee\" data-id=\"acc44ee\" data-element_type=\"column\" data-e-type=\"column\">\n\t\t\t<div class=\"elementor-widget-wrap elementor-element-populated\">\n\t\t\t\t\t\t<div class=\"elementor-element elementor-element-7a46aa8 elementor-grid-3 elementor-grid-tablet-3 elementor-grid-mobile-2 elementor-products-grid elementor-wc-products elementor-widget elementor-widget-wc-categories\" data-id=\"7a46aa8\" data-element_type=\"widget\" data-e-type=\"widget\" data-widget_type=\"wc-categories.default\">\n\t\t\t\t<div class=\"elementor-widget-container\">\n\t\t\t\t\t<div class=\"woocommerce columns-3\"><ul class=\"products elementor-grid columns-3\">\n<li class=\"product-category product first\">\n\t<a aria-label=\"Acc\u00e9der \u00e0 la cat\u00e9gorie de produits Non cat\u00e9goris\u00e9\" href=\"https:\/\/tandemteam.es\/fr\/product-category\/non-categorise\/\"><img fetchpriority=\"high\" decoding=\"async\" src=\"https:\/\/tandemteam.es\/wp-content\/uploads\/woocommerce-placeholder-300x300.png\" alt=\"Non cat\u00e9goris\u00e9\" width=\"300\" height=\"300\" \/>\t\t<h2 class=\"woocommerce-loop-category__title\">\n\t\t\tNon cat\u00e9goris\u00e9 <mark class=\"count\">(32)<\/mark>\t\t<\/h2>\n\t\t<\/a><\/li>\n<li class=\"product-category product\">\n\t<a aria-label=\"Acc\u00e9der \u00e0 la cat\u00e9gorie de produits Remorquage de bicyclettes ou de v\u00e9los\" href=\"https:\/\/tandemteam.es\/fr\/product-category\/remorquage-de-bicyclettes-ou-de-velos\/\"><img decoding=\"async\" src=\"https:\/\/tandemteam.es\/wp-content\/uploads\/woocommerce-placeholder-300x300.png\" alt=\"Remorquage de bicyclettes ou de v\u00e9los\" width=\"300\" height=\"300\" \/>\t\t<h2 class=\"woocommerce-loop-category__title\">\n\t\t\tRemorquage de bicyclettes ou de v\u00e9los <mark class=\"count\">(1)<\/mark>\t\t<\/h2>\n\t\t<\/a><\/li>\n<li class=\"product-category product last\">\n\t<a aria-label=\"Acc\u00e9der \u00e0 la cat\u00e9gorie de produits Tandem\" href=\"https:\/\/tandemteam.es\/fr\/product-category\/tandem\/\"><img decoding=\"async\" src=\"https:\/\/tandemteam.es\/wp-content\/uploads\/woocommerce-placeholder-300x300.png\" alt=\"Tandem\" width=\"300\" height=\"300\" \/>\t\t<h2 class=\"woocommerce-loop-category__title\">\n\t\t\tTandem <mark class=\"count\">(12)<\/mark>\t\t<\/h2>\n\t\t<\/a><\/li>\n<\/ul>\n<\/div>\t\t\t\t<\/div>\n\t\t\t\t<\/div>\n\t\t\t\t\t<\/div>\n\t\t<\/div>\n\t\t\t\t\t<\/div>\n\t\t<\/section>\n\t\t\t\t<\/div>\n\t\t","protected":false},"excerpt":{"rendered":"","protected":false},"author":9,"featured_media":0,"parent":0,"menu_order":0,"comment_status":"closed","ping_status":"closed","template":"elementor_header_footer","meta":{"footnotes":""},"class_list":["post-33448","page","type-page","status-publish","hentry"],"aioseo_notices":[],"_links":{"self":[{"href":"https:\/\/tandemteam.es\/fr\/wp-json\/wp\/v2\/pages\/33448","targetHints":{"allow":["GET"]}}],"collection":[{"href":"https:\/\/tandemteam.es\/fr\/wp-json\/wp\/v2\/pages"}],"about":[{"href":"https:\/\/tandemteam.es\/fr\/wp-json\/wp\/v2\/types\/page"}],"author":[{"embeddable":true,"href":"https:\/\/tandemteam.es\/fr\/wp-json\/wp\/v2\/users\/9"}],"replies":[{"embeddable":true,"href":"https:\/\/tandemteam.es\/fr\/wp-json\/wp\/v2\/comments?post=33448"}],"version-history":[{"count":1,"href":"https:\/\/tandemteam.es\/fr\/wp-json\/wp\/v2\/pages\/33448\/revisions"}],"predecessor-version":[{"id":33449,"href":"https:\/\/tandemteam.es\/fr\/wp-json\/wp\/v2\/pages\/33448\/revisions\/33449"}],"wp:attachment":[{"href":"https:\/\/tandemteam.es\/fr\/wp-json\/wp\/v2\/media?parent=33448"}],"curies":[{"name":"wp","href":"https:\/\/api.w.org\/{rel}","templated":true}]}}