{"id":33609,"date":"2020-02-25T19:04:19","date_gmt":"2020-02-25T18:04:19","guid":{"rendered":"https:\/\/tandemteam.es\/methodologie-et-qualifications\/"},"modified":"2025-03-27T12:26:17","modified_gmt":"2025-03-27T11:26:17","slug":"methodologie-et-qualifications","status":"publish","type":"page","link":"https:\/\/tandemteam.es\/fr\/methodologie-et-qualifications\/","title":{"rendered":"M\u00e9thodologie et qualifications"},"content":{"rendered":"\t\t<div data-elementor-type=\"wp-page\" data-elementor-id=\"33609\" class=\"elementor elementor-33609 elementor-638\" data-elementor-post-type=\"page\">\n\t\t\t\t\t\t<section class=\"elementor-section elementor-top-section elementor-element elementor-element-82d1a91 elementor-section-stretched elementor-section-height-full elementor-section-content-middle elementor-section-boxed elementor-section-height-default elementor-section-items-middle\" data-id=\"82d1a91\" data-element_type=\"section\" data-e-type=\"section\" data-settings=\"{&quot;stretch_section&quot;:&quot;section-stretched&quot;,&quot;background_background&quot;:&quot;slideshow&quot;,&quot;background_slideshow_gallery&quot;:[{&quot;id&quot;:368,&quot;url&quot;:&quot;https:\\\/\\\/tandemteam.es\\\/wp-content\\\/uploads\\\/2020\\\/02\\\/paragliding-4727377_640.jpg&quot;}],&quot;background_slideshow_loop&quot;:&quot;yes&quot;,&quot;background_slideshow_slide_duration&quot;:5000,&quot;background_slideshow_slide_transition&quot;:&quot;fade&quot;,&quot;background_slideshow_transition_duration&quot;:500}\">\n\t\t\t\t\t\t<div class=\"elementor-container elementor-column-gap-default\">\n\t\t\t\t\t<div class=\"elementor-column elementor-col-100 elementor-top-column elementor-element elementor-element-1023cbd\" data-id=\"1023cbd\" data-element_type=\"column\" data-e-type=\"column\">\n\t\t\t<div class=\"elementor-widget-wrap elementor-element-populated\">\n\t\t\t\t\t\t<div class=\"elementor-element elementor-element-df5fa49 elementor-widget elementor-widget-heading\" data-id=\"df5fa49\" data-element_type=\"widget\" data-e-type=\"widget\" data-widget_type=\"heading.default\">\n\t\t\t\t<div class=\"elementor-widget-container\">\n\t\t\t\t\t<h2 class=\"elementor-heading-title elementor-size-default\">Reconnaissance internationale<\/h2>\t\t\t\t<\/div>\n\t\t\t\t<\/div>\n\t\t\t\t<div class=\"elementor-element elementor-element-43331bf elementor-align-center elementor-widget elementor-widget-button\" data-id=\"43331bf\" data-element_type=\"widget\" data-e-type=\"widget\" data-widget_type=\"button.default\">\n\t\t\t\t<div class=\"elementor-widget-container\">\n\t\t\t\t\t\t\t\t\t<div class=\"elementor-button-wrapper\">\n\t\t\t\t\t<a class=\"elementor-button elementor-button-link elementor-size-sm\" href=\"https:\/\/tandemteam.es\/cursos-tandemteam\/\">\n\t\t\t\t\t\t<span class=\"elementor-button-content-wrapper\">\n\t\t\t\t\t\t\t\t\t<span class=\"elementor-button-text\">R\u00c9SERVEZ VOTRE COURS POUR SEULEMENT 120 \u20ac<\/span>\n\t\t\t\t\t<\/span>\n\t\t\t\t\t<\/a>\n\t\t\t\t<\/div>\n\t\t\t\t\t\t\t\t<\/div>\n\t\t\t\t<\/div>\n\t\t\t\t\t<\/div>\n\t\t<\/div>\n\t\t\t\t\t<\/div>\n\t\t<\/section>\n\t\t\t\t<section class=\"elementor-section elementor-top-section elementor-element elementor-element-7526e02 elementor-section-stretched elementor-section-boxed elementor-section-height-default elementor-section-height-default\" data-id=\"7526e02\" data-element_type=\"section\" data-e-type=\"section\" data-settings=\"{&quot;stretch_section&quot;:&quot;section-stretched&quot;}\">\n\t\t\t\t\t\t<div class=\"elementor-container elementor-column-gap-default\">\n\t\t\t\t\t<div class=\"elementor-column elementor-col-66 elementor-top-column elementor-element elementor-element-b46dc82\" data-id=\"b46dc82\" data-element_type=\"column\" data-e-type=\"column\">\n\t\t\t<div class=\"elementor-widget-wrap elementor-element-populated\">\n\t\t\t\t\t\t<div class=\"elementor-element elementor-element-e0a3e50 elementor-widget elementor-widget-image\" data-id=\"e0a3e50\" data-element_type=\"widget\" data-e-type=\"widget\" data-widget_type=\"image.default\">\n\t\t\t\t<div class=\"elementor-widget-container\">\n\t\t\t\t\t\t\t\t\t\t\t\t\t\t\t<img fetchpriority=\"high\" decoding=\"async\" width=\"300\" height=\"187\" src=\"https:\/\/tandemteam.es\/wp-content\/uploads\/2020\/02\/appi_logo_transparen_300t.png\" class=\"attachment-large size-large wp-image-23916\" alt=\"\" srcset=\"https:\/\/tandemteam.es\/wp-content\/uploads\/2020\/02\/appi_logo_transparen_300t.png 300w, https:\/\/tandemteam.es\/wp-content\/uploads\/2020\/02\/appi_logo_transparen_300t-120x75.png 120w, https:\/\/tandemteam.es\/wp-content\/uploads\/2020\/02\/appi_logo_transparen_300t-30x19.png 30w\" sizes=\"(max-width: 300px) 100vw, 300px\" \/>\t\t\t\t\t\t\t\t\t\t\t\t\t\t\t<\/div>\n\t\t\t\t<\/div>\n\t\t\t\t\t<\/div>\n\t\t<\/div>\n\t\t\t\t<div class=\"elementor-column elementor-col-33 elementor-top-column elementor-element elementor-element-d0cf084\" data-id=\"d0cf084\" data-element_type=\"column\" data-e-type=\"column\">\n\t\t\t<div class=\"elementor-widget-wrap elementor-element-populated\">\n\t\t\t\t\t\t<div class=\"elementor-element elementor-element-9228507 elementor-widget elementor-widget-text-editor\" data-id=\"9228507\" data-element_type=\"widget\" data-e-type=\"widget\" data-widget_type=\"text-editor.default\">\n\t\t\t\t<div class=\"elementor-widget-container\">\n\t\t\t\t\t\t\t\t\t<h5><b>L&rsquo;A.P.P.I. (Association des pilotes et instructeurs de parapente)<\/b><\/h5><p>L&rsquo;objectif de cette association est d&rsquo;offrir un syst\u00e8me d&rsquo;\u00e9ducation mondial. Elle est repr\u00e9sent\u00e9e dans 50 pays, compte 180 \u00e9coles membres et plus de 7000 membres dans plus de 122 pays (donn\u00e9es 2017). <\/p><p>L&rsquo;A.P.P.I. <strong><a href=\"https:\/\/appifly.org\/\" target=\"_blank\" rel=\"noopener\">A.P.P.I<\/a><\/strong> reconna\u00eet 5 niveaux de pilotage et \u00e9tablit un programme d&rsquo;\u00e9tudes qui \u00e9volue et s&rsquo;adapte aux nouveaux besoins. Elle dispose d&rsquo;une assurance pour ses membres avec une couverture mondiale dans la plupart des cas. <\/p>\t\t\t\t\t\t\t\t<\/div>\n\t\t\t\t<\/div>\n\t\t\t\t\t<\/div>\n\t\t<\/div>\n\t\t\t\t\t<\/div>\n\t\t<\/section>\n\t\t\t\t<section class=\"elementor-section elementor-top-section elementor-element elementor-element-8af6698 elementor-section-boxed elementor-section-height-default elementor-section-height-default\" data-id=\"8af6698\" data-element_type=\"section\" data-e-type=\"section\">\n\t\t\t\t\t\t<div class=\"elementor-container elementor-column-gap-default\">\n\t\t\t\t\t<div class=\"elementor-column elementor-col-100 elementor-top-column elementor-element elementor-element-96944ce\" data-id=\"96944ce\" data-element_type=\"column\" data-e-type=\"column\">\n\t\t\t<div class=\"elementor-widget-wrap elementor-element-populated\">\n\t\t\t\t\t\t<div class=\"elementor-element elementor-element-b33f0d5 elementor-widget elementor-widget-spacer\" data-id=\"b33f0d5\" data-element_type=\"widget\" data-e-type=\"widget\" data-widget_type=\"spacer.default\">\n\t\t\t\t<div class=\"elementor-widget-container\">\n\t\t\t\t\t\t\t<div class=\"elementor-spacer\">\n\t\t\t<div class=\"elementor-spacer-inner\"><\/div>\n\t\t<\/div>\n\t\t\t\t\t\t<\/div>\n\t\t\t\t<\/div>\n\t\t\t\t\t<\/div>\n\t\t<\/div>\n\t\t\t\t\t<\/div>\n\t\t<\/section>\n\t\t\t\t<section class=\"elementor-section elementor-top-section elementor-element elementor-element-35ffe8f elementor-section-stretched elementor-reverse-mobile elementor-section-boxed elementor-section-height-default elementor-section-height-default\" data-id=\"35ffe8f\" data-element_type=\"section\" data-e-type=\"section\" data-settings=\"{&quot;stretch_section&quot;:&quot;section-stretched&quot;}\">\n\t\t\t\t\t\t<div class=\"elementor-container elementor-column-gap-default\">\n\t\t\t\t\t<div class=\"elementor-column elementor-col-33 elementor-top-column elementor-element elementor-element-3d293a5\" data-id=\"3d293a5\" data-element_type=\"column\" data-e-type=\"column\">\n\t\t\t<div class=\"elementor-widget-wrap elementor-element-populated\">\n\t\t\t\t\t\t<div class=\"elementor-element elementor-element-3998f10 elementor-widget elementor-widget-text-editor\" data-id=\"3998f10\" data-element_type=\"widget\" data-e-type=\"widget\" data-widget_type=\"text-editor.default\">\n\t\t\t\t<div class=\"elementor-widget-container\">\n\t\t\t\t\t\t\t\t\t<h5><b>F.A.I. et Parapro<\/b><\/h5><p>La F\u00e9d\u00e9ration a\u00e9ronautique internationale <strong>(<a href=\"https:\/\/www.fai.org\/sites\/default\/files\/documents\/annex_29_-_safepro_para.pdf\" target=\"_blank\" rel=\"noopener\">FAI<\/a>)<\/strong> regroupe 13 disciplines, dont le parapente. C&rsquo;est un organisme qui se consacre \u00e0 l&rsquo;\u00e9laboration des r\u00e8glements de chaque discipline et des r\u00e8gles de ses comp\u00e9titions, ainsi qu&rsquo;\u00e0 l&rsquo;enregistrement des records et des diff\u00e9rents \u00e9v\u00e9nements. <\/p><p>Mais elle pr\u00e9pare aussi des documents pour que le niveau des pilotes, dans notre cas des pilotes de parapente, soit reconnu dans tous les pays affili\u00e9s \u00e0 la FAI. Cela se fait par le biais de la carte I.P.P.I. (International Pilot Level Information) qui pr\u00e9sente les 5 niveaux d\u00e9crits dans le document <strong><a href=\"https:\/\/www.fai.org\/sites\/default\/files\/documents\/annex_29_-_safepro_para.pdf\" target=\"_blank\" rel=\"noopener\">ParaPro<\/a><\/strong>Ce document d\u00e9finit les lignes directrices internationales pour la formation des pilotes. <\/p>\t\t\t\t\t\t\t\t<\/div>\n\t\t\t\t<\/div>\n\t\t\t\t\t<\/div>\n\t\t<\/div>\n\t\t\t\t<div class=\"elementor-column elementor-col-66 elementor-top-column elementor-element elementor-element-6373e4d\" data-id=\"6373e4d\" data-element_type=\"column\" data-e-type=\"column\">\n\t\t\t<div class=\"elementor-widget-wrap elementor-element-populated\">\n\t\t\t\t\t\t<div class=\"elementor-element elementor-element-e901996 elementor-widget elementor-widget-image\" data-id=\"e901996\" data-element_type=\"widget\" data-e-type=\"widget\" data-widget_type=\"image.default\">\n\t\t\t\t<div class=\"elementor-widget-container\">\n\t\t\t\t\t\t\t\t\t\t\t\t\t\t\t<img decoding=\"async\" width=\"300\" height=\"451\" src=\"https:\/\/tandemteam.es\/wp-content\/uploads\/2020\/02\/fai-logo.jpg\" class=\"attachment-large size-large wp-image-23964\" alt=\"\" srcset=\"https:\/\/tandemteam.es\/wp-content\/uploads\/2020\/02\/fai-logo.jpg 300w, https:\/\/tandemteam.es\/wp-content\/uploads\/2020\/02\/fai-logo-200x300.jpg 200w, https:\/\/tandemteam.es\/wp-content\/uploads\/2020\/02\/fai-logo-80x120.jpg 80w, https:\/\/tandemteam.es\/wp-content\/uploads\/2020\/02\/fai-logo-20x30.jpg 20w\" sizes=\"(max-width: 300px) 100vw, 300px\" \/>\t\t\t\t\t\t\t\t\t\t\t\t\t\t\t<\/div>\n\t\t\t\t<\/div>\n\t\t\t\t\t<\/div>\n\t\t<\/div>\n\t\t\t\t\t<\/div>\n\t\t<\/section>\n\t\t\t\t<section class=\"elementor-section elementor-top-section elementor-element elementor-element-5dabf0f elementor-section-boxed elementor-section-height-default elementor-section-height-default\" data-id=\"5dabf0f\" data-element_type=\"section\" data-e-type=\"section\">\n\t\t\t\t\t\t<div class=\"elementor-container elementor-column-gap-default\">\n\t\t\t\t\t<div class=\"elementor-column elementor-col-100 elementor-top-column elementor-element elementor-element-27050d9\" data-id=\"27050d9\" data-element_type=\"column\" data-e-type=\"column\">\n\t\t\t<div class=\"elementor-widget-wrap elementor-element-populated\">\n\t\t\t\t\t\t<div class=\"elementor-element elementor-element-61db4a3 elementor-widget elementor-widget-spacer\" data-id=\"61db4a3\" data-element_type=\"widget\" data-e-type=\"widget\" data-widget_type=\"spacer.default\">\n\t\t\t\t<div class=\"elementor-widget-container\">\n\t\t\t\t\t\t\t<div class=\"elementor-spacer\">\n\t\t\t<div class=\"elementor-spacer-inner\"><\/div>\n\t\t<\/div>\n\t\t\t\t\t\t<\/div>\n\t\t\t\t<\/div>\n\t\t\t\t\t<\/div>\n\t\t<\/div>\n\t\t\t\t\t<\/div>\n\t\t<\/section>\n\t\t\t\t<section class=\"elementor-section elementor-top-section elementor-element elementor-element-1332607 elementor-section-stretched elementor-section-boxed elementor-section-height-default elementor-section-height-default\" data-id=\"1332607\" data-element_type=\"section\" data-e-type=\"section\" data-settings=\"{&quot;stretch_section&quot;:&quot;section-stretched&quot;}\">\n\t\t\t\t\t\t<div class=\"elementor-container elementor-column-gap-default\">\n\t\t\t\t\t<div class=\"elementor-column elementor-col-100 elementor-top-column elementor-element elementor-element-c5774bc\" data-id=\"c5774bc\" data-element_type=\"column\" data-e-type=\"column\">\n\t\t\t<div class=\"elementor-widget-wrap elementor-element-populated\">\n\t\t\t\t\t\t<div class=\"elementor-element elementor-element-3aafd5d elementor-widget elementor-widget-text-editor\" data-id=\"3aafd5d\" data-element_type=\"widget\" data-e-type=\"widget\" data-widget_type=\"text-editor.default\">\n\t\t\t\t<div class=\"elementor-widget-container\">\n\t\t\t\t\t\t\t\t\t<h5><b>La r\u00e9alit\u00e9 du parapente en Espagne<\/b><\/h5><p>En Espagne, nous disposons de qualifications reconnues par le minist\u00e8re de l&rsquo;\u00e9ducation de chacune des communaut\u00e9s autonomes ; elles sont relativement r\u00e9centes et sont les meilleures dont nous disposons \u00e0 ce jour.<\/p><p><strong>Que se passe-t-il lorsque l&rsquo;on veut obtenir le brevet de pilote de parapente ?<\/strong><\/p><ul><li>Il existe un programme d&rsquo;\u00e9tudes dans les \u00e9coles de parapente une fois qu&rsquo;elles sont \u00e9tablies et op\u00e9rationnelles, mais il n&rsquo;y a pas d&rsquo;organisme pour contr\u00f4ler la qualit\u00e9 et le contenu de l&rsquo;enseignement.<\/li><li>Les cours dispens\u00e9s en Espagne ne sont pas \u00e9quivalents en termes de contenu et de dur\u00e9e.<\/li><li>Chaque r\u00e9gion autonome g\u00e8re sa propre f\u00e9d\u00e9ration de sports a\u00e9riens.<\/li><li>Il y a eu une diff\u00e9rence significative entre la formation dans le pays et, bien s\u00fbr, entre les diff\u00e9rents pays, qui ne reconnaissent pas la formation espagnole.<\/li><\/ul>\t\t\t\t\t\t\t\t<\/div>\n\t\t\t\t<\/div>\n\t\t\t\t\t<\/div>\n\t\t<\/div>\n\t\t\t\t\t<\/div>\n\t\t<\/section>\n\t\t\t\t<section class=\"elementor-section elementor-top-section elementor-element elementor-element-1f8ed81 elementor-section-boxed elementor-section-height-default elementor-section-height-default\" data-id=\"1f8ed81\" data-element_type=\"section\" data-e-type=\"section\">\n\t\t\t\t\t\t<div class=\"elementor-container elementor-column-gap-default\">\n\t\t\t\t\t<div class=\"elementor-column elementor-col-100 elementor-top-column elementor-element elementor-element-324738f\" data-id=\"324738f\" data-element_type=\"column\" data-e-type=\"column\">\n\t\t\t<div class=\"elementor-widget-wrap elementor-element-populated\">\n\t\t\t\t\t\t<div class=\"elementor-element elementor-element-7d6e310 elementor-widget elementor-widget-image\" data-id=\"7d6e310\" data-element_type=\"widget\" data-e-type=\"widget\" data-widget_type=\"image.default\">\n\t\t\t\t<div class=\"elementor-widget-container\">\n\t\t\t\t\t\t\t\t\t\t\t\t\t\t\t<img decoding=\"async\" width=\"800\" height=\"130\" src=\"https:\/\/tandemteam.es\/wp-content\/uploads\/2020\/02\/IPPI_Card-Niveles.jpg\" class=\"attachment-large size-large wp-image-23961\" alt=\"\" srcset=\"https:\/\/tandemteam.es\/wp-content\/uploads\/2020\/02\/IPPI_Card-Niveles.jpg 883w, https:\/\/tandemteam.es\/wp-content\/uploads\/2020\/02\/IPPI_Card-Niveles-600x98.jpg 600w, https:\/\/tandemteam.es\/wp-content\/uploads\/2020\/02\/IPPI_Card-Niveles-300x49.jpg 300w, https:\/\/tandemteam.es\/wp-content\/uploads\/2020\/02\/IPPI_Card-Niveles-768x125.jpg 768w, https:\/\/tandemteam.es\/wp-content\/uploads\/2020\/02\/IPPI_Card-Niveles-120x20.jpg 120w, https:\/\/tandemteam.es\/wp-content\/uploads\/2020\/02\/IPPI_Card-Niveles-30x5.jpg 30w\" sizes=\"(max-width: 800px) 100vw, 800px\" \/>\t\t\t\t\t\t\t\t\t\t\t\t\t\t\t<\/div>\n\t\t\t\t<\/div>\n\t\t\t\t\t<\/div>\n\t\t<\/div>\n\t\t\t\t\t<\/div>\n\t\t<\/section>\n\t\t\t\t<section class=\"elementor-section elementor-top-section elementor-element elementor-element-4236657 elementor-section-stretched elementor-section-boxed elementor-section-height-default elementor-section-height-default\" data-id=\"4236657\" data-element_type=\"section\" data-e-type=\"section\" data-settings=\"{&quot;stretch_section&quot;:&quot;section-stretched&quot;}\">\n\t\t\t\t\t\t<div class=\"elementor-container elementor-column-gap-default\">\n\t\t\t\t\t<div class=\"elementor-column elementor-col-100 elementor-top-column elementor-element elementor-element-500350a\" data-id=\"500350a\" data-element_type=\"column\" data-e-type=\"column\">\n\t\t\t<div class=\"elementor-widget-wrap elementor-element-populated\">\n\t\t\t\t\t\t<div class=\"elementor-element elementor-element-9cbe551 elementor-widget elementor-widget-text-editor\" data-id=\"9cbe551\" data-element_type=\"widget\" data-e-type=\"widget\" data-widget_type=\"text-editor.default\">\n\t\t\t\t<div class=\"elementor-widget-container\">\n\t\t\t\t\t\t\t\t\t<p>C&rsquo;est pourquoi TandemTeam a adopt\u00e9 une m\u00e9thode d&rsquo;enseignement (APPI et ParaPro) qui \u00e9tablit une r\u00e9glementation des connaissances et des comp\u00e9tences et des niveaux des pilotes, afin que ces donn\u00e9es soient enregistr\u00e9es dans une base de donn\u00e9es mondiale. Ainsi, tout pilote poss\u00e9dant cette certification pourra se rendre dans un autre pays, faire reconna\u00eetre son niveau de pilote afin de pouvoir voler sans probl\u00e8me, et poursuivre sa formation dans d&rsquo;autres pays. <\/p>\t\t\t\t\t\t\t\t<\/div>\n\t\t\t\t<\/div>\n\t\t\t\t\t<\/div>\n\t\t<\/div>\n\t\t\t\t\t<\/div>\n\t\t<\/section>\n\t\t\t\t<section class=\"elementor-section elementor-top-section elementor-element elementor-element-bac394c elementor-section-boxed elementor-section-height-default elementor-section-height-default\" data-id=\"bac394c\" data-element_type=\"section\" data-e-type=\"section\">\n\t\t\t\t\t\t<div class=\"elementor-container elementor-column-gap-default\">\n\t\t\t\t\t<div class=\"elementor-column elementor-col-100 elementor-top-column elementor-element elementor-element-46e9031\" data-id=\"46e9031\" data-element_type=\"column\" data-e-type=\"column\">\n\t\t\t<div class=\"elementor-widget-wrap elementor-element-populated\">\n\t\t\t\t\t\t<div class=\"elementor-element elementor-element-8faa4ff elementor-widget__width-initial elementor-widget elementor-widget-image\" data-id=\"8faa4ff\" data-element_type=\"widget\" data-e-type=\"widget\" data-widget_type=\"image.default\">\n\t\t\t\t<div class=\"elementor-widget-container\">\n\t\t\t\t\t\t\t\t\t\t\t\t\t\t\t<img loading=\"lazy\" decoding=\"async\" width=\"757\" height=\"1024\" src=\"https:\/\/tandemteam.es\/wp-content\/uploads\/2025\/03\/Sistema-ensenanza-APPI-2025-757x1024.jpg\" class=\"attachment-large size-large wp-image-33216\" alt=\"\" srcset=\"https:\/\/tandemteam.es\/wp-content\/uploads\/2025\/03\/Sistema-ensenanza-APPI-2025-757x1024.jpg 757w, https:\/\/tandemteam.es\/wp-content\/uploads\/2025\/03\/Sistema-ensenanza-APPI-2025-222x300.jpg 222w, https:\/\/tandemteam.es\/wp-content\/uploads\/2025\/03\/Sistema-ensenanza-APPI-2025-768x1040.jpg 768w, https:\/\/tandemteam.es\/wp-content\/uploads\/2025\/03\/Sistema-ensenanza-APPI-2025-1135x1536.jpg 1135w, https:\/\/tandemteam.es\/wp-content\/uploads\/2025\/03\/Sistema-ensenanza-APPI-2025-600x812.jpg 600w, https:\/\/tandemteam.es\/wp-content\/uploads\/2025\/03\/Sistema-ensenanza-APPI-2025.jpg 1465w\" sizes=\"(max-width: 757px) 100vw, 757px\" \/>\t\t\t\t\t\t\t\t\t\t\t\t\t\t\t<\/div>\n\t\t\t\t<\/div>\n\t\t\t\t\t<\/div>\n\t\t<\/div>\n\t\t\t\t\t<\/div>\n\t\t<\/section>\n\t\t\t\t<section class=\"elementor-section elementor-top-section elementor-element elementor-element-172aa4f elementor-section-stretched elementor-section-boxed elementor-section-height-default elementor-section-height-default\" data-id=\"172aa4f\" data-element_type=\"section\" data-e-type=\"section\" data-settings=\"{&quot;stretch_section&quot;:&quot;section-stretched&quot;}\">\n\t\t\t\t\t\t<div class=\"elementor-container elementor-column-gap-default\">\n\t\t\t\t\t<div class=\"elementor-column elementor-col-100 elementor-top-column elementor-element elementor-element-bb25d83\" data-id=\"bb25d83\" data-element_type=\"column\" data-e-type=\"column\">\n\t\t\t<div class=\"elementor-widget-wrap elementor-element-populated\">\n\t\t\t\t\t\t<div class=\"elementor-element elementor-element-748e90c elementor-widget elementor-widget-text-editor\" data-id=\"748e90c\" data-element_type=\"widget\" data-e-type=\"widget\" data-widget_type=\"text-editor.default\">\n\t\t\t\t<div class=\"elementor-widget-container\">\n\t\t\t\t\t\t\t\t\t<div class=\"fl-row fl-row-fixed-width fl-row-bg-none fl-node-5c8a758fb9694\" data-node=\"5c8a758fb9694\"><div class=\"fl-row-content-wrap\"><div class=\"fl-row-content fl-row-fixed-width fl-node-content\"><div class=\"fl-col-group fl-node-5c8a76748b8ce\" data-node=\"5c8a76748b8ce\"><div class=\"fl-col fl-node-5c8a76748b9aa\" data-node=\"5c8a76748b9aa\"><div class=\"fl-col-content fl-node-content\"><div class=\"fl-module fl-module-rich-text fl-node-5c8a76748b86f\" data-node=\"5c8a76748b86f\"><div class=\"fl-module-content fl-node-content\"><div class=\"fl-rich-text\"><p>Mais surtout, il aura un impact direct sur la <b>s\u00e9curit\u00e9 et la qualit\u00e9 de<\/b> l&rsquo;enseignement, en raison de sa rigueur et de son professionnalisme.<\/p><p>En outre, vous pouvez choisir parmi <b>plus de 180 centres de formation<\/b> dans le monde entier. L&rsquo;APPI fournit un mat\u00e9riel p\u00e9dagogique tr\u00e8s performant, en contact \u00e9troit et constant avec l&rsquo;\u00e9volution du parapente et les derni\u00e8res techniques de formation. <\/p><p><b>Nous disposons ainsi d&rsquo;un millier d&rsquo;\u00e9coles<\/b> o\u00f9 les qualifications d\u00e9livr\u00e9es seront reconnues.<\/p><p>Consultez ici le <b>livre de vol <\/b>et le <b>syllabus de l&rsquo;APPI <\/b>2017, avec les descriptions des diff\u00e9rents niveaux, la structure du plan d&rsquo;enseignement pour l&rsquo;\u00e9tudiant et le professionnel.<\/p><\/div><\/div><\/div><\/div><\/div><\/div><div class=\"fl-col-group fl-node-5c8a7811b3618\" data-node=\"5c8a7811b3618\"><div class=\"fl-col fl-node-5c8a7811b3733\" data-node=\"5c8a7811b3733\"><div class=\"fl-col-content fl-node-content\"><div class=\"fl-module fl-module-icon fl-node-5c8a7811b3532\" data-node=\"5c8a7811b3532\"><div class=\"fl-module-content fl-node-content\"><div class=\"fl-icon-wrap\"><p><i class=\"fas fa-download\" aria-hidden=\"true\"><\/i><span style=\"font-size: 16px;\"><span style=\"font-family: Font Awesome 5 Free;\"><b> <\/b><\/span>APPI Flight book &#8211; APPI &#8211; IPPI Equivalence 2017<\/span><\/p><\/div><\/div><\/div><\/div><\/div><\/div><\/div><\/div><\/div><div class=\"fl-row fl-row-fixed-width fl-row-bg-none fl-node-5c8a7738e525c\" data-node=\"5c8a7738e525c\"><div class=\"fl-row-content-wrap\"><div class=\"fl-row-content fl-row-fixed-width fl-node-content\"><div class=\"fl-col-group fl-node-5c8a7738f3311\" data-node=\"5c8a7738f3311\"><div class=\"fl-col fl-node-5c8a7738f33ef\" data-node=\"5c8a7738f33ef\"><div class=\"fl-col-content fl-node-content\"><div class=\"fl-module fl-module-rich-text fl-node-5c8a773fcd558\" data-node=\"5c8a773fcd558\"><div class=\"fl-module-content fl-node-content\"><div class=\"fl-rich-text\"><h6><b>Tout cela est-il facile \u00e0 adopter ?<\/b><\/h6><p>Non.<\/p><p>Non seulement le recyclage que TandemTeam a effectu\u00e9 dans l&rsquo;un des ateliers professionnels organis\u00e9s par l&rsquo;A.P.P.I. \u00e0 \u00c0ger en octobre 2017, mais aussi la mise en \u0153uvre des concepts, la pr\u00e9paration des nouveaux cours th\u00e9oriques et la modification de la segmentation des diff\u00e9rents cours, ont repr\u00e9sent\u00e9 pour nous un effort important. <\/p><p>Nous appliquerons cette m\u00e9thodologie progressivement, mais dans l&rsquo;esprit de tous les cours que nous donnons.<\/p><p>Nous avons d\u00fb sortir de notre zone de confort pour offrir un enseignement qui r\u00e9ponde non seulement aux normes espagnoles, mais aussi aux normes internationales.<\/p><p>Nous esp\u00e9rons qu&rsquo;il sera bien accueilli et que cet effort d&rsquo;\u00e9volution de l&rsquo;enseignement plaira aux nouveaux pilotes et qu&rsquo;il se traduira par une am\u00e9lioration de la <b>s\u00e9curit\u00e9 et de la qualit\u00e9.<\/b><\/p><\/div><\/div><\/div><\/div><\/div><\/div><\/div><\/div><\/div>\t\t\t\t\t\t\t\t<\/div>\n\t\t\t\t<\/div>\n\t\t\t\t\t<\/div>\n\t\t<\/div>\n\t\t\t\t\t<\/div>\n\t\t<\/section>\n\t\t\t\t<section class=\"elementor-section elementor-top-section elementor-element elementor-element-688d745 elementor-section-boxed elementor-section-height-default elementor-section-height-default\" data-id=\"688d745\" data-element_type=\"section\" data-e-type=\"section\">\n\t\t\t\t\t\t<div class=\"elementor-container elementor-column-gap-default\">\n\t\t\t\t\t<div class=\"elementor-column elementor-col-100 elementor-top-column elementor-element elementor-element-0de4380\" data-id=\"0de4380\" data-element_type=\"column\" data-e-type=\"column\">\n\t\t\t<div class=\"elementor-widget-wrap elementor-element-populated\">\n\t\t\t\t\t\t<div class=\"elementor-element elementor-element-d61dde4 elementor-align-center elementor-widget elementor-widget-button\" data-id=\"d61dde4\" data-element_type=\"widget\" data-e-type=\"widget\" data-widget_type=\"button.default\">\n\t\t\t\t<div class=\"elementor-widget-container\">\n\t\t\t\t\t\t\t\t\t<div class=\"elementor-button-wrapper\">\n\t\t\t\t\t<a class=\"elementor-button elementor-button-link elementor-size-xl\" href=\"https:\/\/tandemteam.es\/cursos-tandemteam\/\">\n\t\t\t\t\t\t<span class=\"elementor-button-content-wrapper\">\n\t\t\t\t\t\t\t\t\t<span class=\"elementor-button-text\">R\u00c9SERVEZ VOTRE COURS POUR SEULEMENT 120 \u20ac<\/span>\n\t\t\t\t\t<\/span>\n\t\t\t\t\t<\/a>\n\t\t\t\t<\/div>\n\t\t\t\t\t\t\t\t<\/div>\n\t\t\t\t<\/div>\n\t\t\t\t\t<\/div>\n\t\t<\/div>\n\t\t\t\t\t<\/div>\n\t\t<\/section>\n\t\t\t\t<\/div>\n\t\t","protected":false},"excerpt":{"rendered":"<p>Reconnaissance internationale R\u00c9SERVEZ VOTRE COURS POUR SEULEMENT 120 \u20ac L&rsquo;A.P.P.I. (Association des pilotes et instructeurs de parapente) L&rsquo;objectif de cette association est d&rsquo;offrir un syst\u00e8me d&rsquo;\u00e9ducation mondial. Elle est repr\u00e9sent\u00e9e dans 50 pays, compte 180 \u00e9coles membres et plus de 7000 membres dans plus de 122 pays (donn\u00e9es 2017). L&rsquo;A.P.P.I. A.P.P.I reconna\u00eet 5 niveaux de [&hellip;]<\/p>\n","protected":false},"author":2,"featured_media":0,"parent":0,"menu_order":0,"comment_status":"closed","ping_status":"closed","template":"","meta":{"footnotes":""},"class_list":["post-33609","page","type-page","status-publish","hentry"],"aioseo_notices":[],"_links":{"self":[{"href":"https:\/\/tandemteam.es\/fr\/wp-json\/wp\/v2\/pages\/33609","targetHints":{"allow":["GET"]}}],"collection":[{"href":"https:\/\/tandemteam.es\/fr\/wp-json\/wp\/v2\/pages"}],"about":[{"href":"https:\/\/tandemteam.es\/fr\/wp-json\/wp\/v2\/types\/page"}],"author":[{"embeddable":true,"href":"https:\/\/tandemteam.es\/fr\/wp-json\/wp\/v2\/users\/2"}],"replies":[{"embeddable":true,"href":"https:\/\/tandemteam.es\/fr\/wp-json\/wp\/v2\/comments?post=33609"}],"version-history":[{"count":1,"href":"https:\/\/tandemteam.es\/fr\/wp-json\/wp\/v2\/pages\/33609\/revisions"}],"predecessor-version":[{"id":33610,"href":"https:\/\/tandemteam.es\/fr\/wp-json\/wp\/v2\/pages\/33609\/revisions\/33610"}],"wp:attachment":[{"href":"https:\/\/tandemteam.es\/fr\/wp-json\/wp\/v2\/media?parent=33609"}],"curies":[{"name":"wp","href":"https:\/\/api.w.org\/{rel}","templated":true}]}}