{"id":33636,"date":"2021-03-05T18:35:36","date_gmt":"2021-03-05T17:35:36","guid":{"rendered":"https:\/\/tandemteam.es\/product\/vol-guide-vol-guide-de-distance-totalite\/"},"modified":"2021-03-05T18:35:36","modified_gmt":"2021-03-05T17:35:36","slug":"vol-guide-vol-guide-de-distance-totalite","status":"publish","type":"product","link":"https:\/\/tandemteam.es\/fr\/produit\/vol-guide-vol-guide-de-distance-totalite\/","title":{"rendered":"Vol guid\u00e9 &#8211; Vol guid\u00e9 de distance &#8211; Totalit\u00e9"},"content":{"rendered":"<p>&nbsp;<\/p>\n<p>Voyage vers d&rsquo;autres vall\u00e9es et montagnes (en fonction des conditions m\u00e9t\u00e9orologiques)<\/p>\n<p>Le vol peut durer plus de 2 heures<\/p>\n<p>Communication et assistance en vol<\/p>\n<p>Briefing<\/p>\n<p>Prise en charge incluse<\/p>\n<p>1 vol<\/p>\n","protected":false},"excerpt":{"rendered":"<p>&nbsp; Voyage vers d&rsquo;autres vall\u00e9es et montagnes (en fonction des conditions m\u00e9t\u00e9orologiques) Le vol peut durer plus de 2 heures Communication et assistance en vol Briefing Prise en charge incluse 1 vol<\/p>\n","protected":false},"featured_media":32868,"template":"","meta":[],"product_brand":[],"product_cat":[342],"product_tag":[],"class_list":{"0":"post-33636","1":"product","2":"type-product","3":"status-publish","4":"has-post-thumbnail","6":"product_cat-vols-guides","8":"first","9":"instock","10":"taxable","11":"shipping-taxable","12":"purchasable","13":"product-type-simple"},"aioseo_notices":[],"_links":{"self":[{"href":"https:\/\/tandemteam.es\/fr\/wp-json\/wp\/v2\/product\/33636","targetHints":{"allow":["GET"]}}],"collection":[{"href":"https:\/\/tandemteam.es\/fr\/wp-json\/wp\/v2\/product"}],"about":[{"href":"https:\/\/tandemteam.es\/fr\/wp-json\/wp\/v2\/types\/product"}],"wp:featuredmedia":[{"embeddable":true,"href":"https:\/\/tandemteam.es\/fr\/wp-json\/wp\/v2\/media\/32868"}],"wp:attachment":[{"href":"https:\/\/tandemteam.es\/fr\/wp-json\/wp\/v2\/media?parent=33636"}],"wp:term":[{"taxonomy":"product_brand","embeddable":true,"href":"https:\/\/tandemteam.es\/fr\/wp-json\/wp\/v2\/product_brand?post=33636"},{"taxonomy":"product_cat","embeddable":true,"href":"https:\/\/tandemteam.es\/fr\/wp-json\/wp\/v2\/product_cat?post=33636"},{"taxonomy":"product_tag","embeddable":true,"href":"https:\/\/tandemteam.es\/fr\/wp-json\/wp\/v2\/product_tag?post=33636"}],"curies":[{"name":"wp","href":"https:\/\/api.w.org\/{rel}","templated":true}]}}