{"id":33640,"date":"2023-01-19T15:52:52","date_gmt":"2023-01-19T14:52:52","guid":{"rendered":"https:\/\/tandemteam.es\/product\/prolongation-de-la-date-dexpiration\/"},"modified":"2023-01-19T15:52:52","modified_gmt":"2023-01-19T14:52:52","slug":"prolongation-de-la-date-dexpiration","status":"publish","type":"product","link":"https:\/\/tandemteam.es\/fr\/produit\/prolongation-de-la-date-dexpiration\/","title":{"rendered":"Prolongation de la date d&rsquo;expiration"},"content":{"rendered":"<ul>\n<li>Si vous avez d\u00e9pass\u00e9 la date d&rsquo;expiration du bon, vous pouvez le prolonger d&rsquo;un an au-del\u00e0 de la date d&rsquo;expiration initiale.<\/li>\n<\/ul>\n","protected":false},"excerpt":{"rendered":"<p>Si vous avez d\u00e9pass\u00e9 la date d&rsquo;expiration du bon, vous pouvez le prolonger d&rsquo;un an au-del\u00e0 de la date d&rsquo;expiration initiale.<\/p>\n","protected":false},"featured_media":32619,"template":"","meta":[],"product_brand":[],"product_cat":[343],"product_tag":[],"class_list":{"0":"post-33640","1":"product","2":"type-product","3":"status-publish","4":"has-post-thumbnail","6":"product_cat-tandem","8":"first","9":"instock","10":"virtual","11":"taxable","12":"purchasable","13":"product-type-simple"},"aioseo_notices":[],"_links":{"self":[{"href":"https:\/\/tandemteam.es\/fr\/wp-json\/wp\/v2\/product\/33640","targetHints":{"allow":["GET"]}}],"collection":[{"href":"https:\/\/tandemteam.es\/fr\/wp-json\/wp\/v2\/product"}],"about":[{"href":"https:\/\/tandemteam.es\/fr\/wp-json\/wp\/v2\/types\/product"}],"wp:featuredmedia":[{"embeddable":true,"href":"https:\/\/tandemteam.es\/fr\/wp-json\/wp\/v2\/media\/32619"}],"wp:attachment":[{"href":"https:\/\/tandemteam.es\/fr\/wp-json\/wp\/v2\/media?parent=33640"}],"wp:term":[{"taxonomy":"product_brand","embeddable":true,"href":"https:\/\/tandemteam.es\/fr\/wp-json\/wp\/v2\/product_brand?post=33640"},{"taxonomy":"product_cat","embeddable":true,"href":"https:\/\/tandemteam.es\/fr\/wp-json\/wp\/v2\/product_cat?post=33640"},{"taxonomy":"product_tag","embeddable":true,"href":"https:\/\/tandemteam.es\/fr\/wp-json\/wp\/v2\/product_tag?post=33640"}],"curies":[{"name":"wp","href":"https:\/\/api.w.org\/{rel}","templated":true}]}}