{"id":33643,"date":"2024-02-03T11:44:24","date_gmt":"2024-02-03T10:44:24","guid":{"rendered":"https:\/\/tandemteam.es\/product\/cours-de-progression-et-kit-dequipement\/"},"modified":"2024-02-03T11:44:24","modified_gmt":"2024-02-03T10:44:24","slug":"cours-de-progression-et-kit-dequipement","status":"publish","type":"product","link":"https:\/\/tandemteam.es\/fr\/produit\/cours-de-progression-et-kit-dequipement\/","title":{"rendered":"Cours de progression et kit d&rsquo;\u00e9quipement"},"content":{"rendered":"<div class=\"elementor-price-table__feature-inner\"><i class=\"far fa-check-circle\" aria-hidden=\"true\"><\/i>  Cours d&rsquo;introduction<\/div>\n<div class=\"elementor-price-table__feature-inner\"><i class=\"far fa-check-circle\" aria-hidden=\"true\"><\/i>  Equipement complet de parapente<\/div>\n<div class=\"elementor-price-table__feature-inner\"><i class=\"far fa-check-circle\" aria-hidden=\"true\"><\/i>  Voir toutes les r\u00e9ductions<\/div>\n<div><\/div>\n<div class=\"elementor-price-table__feature-inner\"><i class=\"far fa-check-circle\" aria-hidden=\"true\">Equipement inclus :<\/i><\/div>\n<ul>\n<li class=\"elementor-price-table__feature-inner\">Parapente Rythme 2 Davinci<span style=\"color: #00ccff;\"> <a style=\"color: #00ccff;\" href=\"https:\/\/parapenteonline.net\/parapentes-de-iniciaci%C3%B3n-en-a\/736-3513-rhythm2.html#\/568-color-red\/570-talla-s\/960-complemento-bandas_est%C3%A1ndar\" target=\"_blank\" rel=\"noopener\">VOIR<\/a><\/span><\/li>\n<li class=\"elementor-price-table__feature-inner\">Parachute Comma Davinci<span style=\"color: #00ccff;\"> <a style=\"color: #00ccff;\" href=\"https:\/\/parapenteonline.net\/paraca%C3%ADdas-de-parapente-no-dirigibles\/674-2136-paraca%C3%ADdas-de-parapente-comma-davinci-gliders.html#\/571-talla-m\" target=\"_blank\" rel=\"noopener\">VOIR<\/a><\/span><\/li>\n<li class=\"elementor-price-table__feature-inner\">Chaise Soul Davinci <span style=\"color: #00ccff;\"><a style=\"color: #00ccff;\" href=\"https:\/\/parapenteonline.net\/sillas-de-parapente-de-iniciaci%C3%B3n-y-progresi%C3%B3n\/737-3050-soul.html#\/571-talla-m\" target=\"_blank\" rel=\"noopener\">VOIR<\/a><\/span><\/li>\n<li class=\"elementor-price-table__feature-inner\">Maillon 7 mm peguet <span style=\"color: #00ccff;\"><a style=\"color: #00ccff;\" href=\"https:\/\/parapenteonline.net\/mosquetones-y-maillones\/31-maillon-paracaidas-rectangular-7mm.html\" target=\"_blank\" rel=\"noopener\">VOIR<\/a><\/span><\/li>\n<\/ul>\n<div><\/div>\n<div>Options d&rsquo;all\u00e8gement ou d&rsquo;extension de l&rsquo;\u00e9quipement :<\/div>\n<ul>\n<li>Emetteur Yaesu FT4X <a href=\"https:\/\/parapenteonline.net\/emisoras-de-parapente-y-accesorios\/786-emisora-yaesu-ft-4xe.html\" target=\"_blank\" rel=\"noopener\"><span style=\"color: #00ccff;\">VOIR<\/span><\/a> +85\u20ac<\/li>\n<li>Parapente Hula Light <a href=\"https:\/\/parapenteonline.net\/parapentes-de-iniciaci%C3%B3n-en-a\/738-3391-parapente-hula-ultraligero-davinci-gliders.html#\/743-talla-19\/909-complemento-bandas_keblar_12_mm\/941-color-blue\" target=\"_blank\" rel=\"noopener\"><span style=\"color: #00ccff;\">VOIR<\/span><\/a> +486\u20ac<\/li>\n<li>Chaise r\u00e9versible Duo, plus l\u00e9g\u00e8re et plus compacte <a href=\"https:\/\/parapenteonline.net\/sillas-de-parapente-reversibles\/748-3117-silla-parapente-duo-reversible-davinci.html#\/571-talla-m\" target=\"_blank\" rel=\"noopener\"><span style=\"color: #00ccff;\">VOIR<\/span><\/a> +145\u20ac<\/li>\n<li>Parachute Comma Lite plus l\u00e9ger et plus compact <a href=\"https:\/\/parapenteonline.net\/cuadrados-otras-formas\/715-2905-paraca%C3%ADdas-de-parapente-cuadradodo-comma-lite-davinci-gliders.html#\/571-talla-m\" target=\"_blank\" rel=\"noopener\"><span style=\"color: #00ccff;\">VOIR<\/span><\/a> +165\u20ac<\/li>\n<\/ul>\n<div><\/div>\n","protected":false},"excerpt":{"rendered":"<p>Cours d&rsquo;introduction Equipement complet de parapente Voir toutes les r\u00e9ductions Equipement inclus : Parapente Rythme 2 Davinci VOIR Parachute Comma Davinci VOIR Chaise Soul Davinci VOIR Maillon 7 mm peguet VOIR Options d&rsquo;all\u00e8gement ou d&rsquo;extension de l&rsquo;\u00e9quipement : Emetteur Yaesu FT4X VOIR +85\u20ac Parapente Hula Light VOIR +486\u20ac Chaise r\u00e9versible Duo, plus l\u00e9g\u00e8re et plus [&hellip;]<\/p>\n","protected":false},"featured_media":32559,"template":"","meta":[],"product_brand":[],"product_cat":[341],"product_tag":[],"class_list":{"0":"post-33643","1":"product","2":"type-product","3":"status-publish","4":"has-post-thumbnail","6":"product_cat-non-categorise","8":"first","9":"instock","10":"sale","11":"taxable","12":"shipping-taxable","13":"purchasable","14":"product-type-simple"},"aioseo_notices":[],"_links":{"self":[{"href":"https:\/\/tandemteam.es\/fr\/wp-json\/wp\/v2\/product\/33643","targetHints":{"allow":["GET"]}}],"collection":[{"href":"https:\/\/tandemteam.es\/fr\/wp-json\/wp\/v2\/product"}],"about":[{"href":"https:\/\/tandemteam.es\/fr\/wp-json\/wp\/v2\/types\/product"}],"wp:featuredmedia":[{"embeddable":true,"href":"https:\/\/tandemteam.es\/fr\/wp-json\/wp\/v2\/media\/32559"}],"wp:attachment":[{"href":"https:\/\/tandemteam.es\/fr\/wp-json\/wp\/v2\/media?parent=33643"}],"wp:term":[{"taxonomy":"product_brand","embeddable":true,"href":"https:\/\/tandemteam.es\/fr\/wp-json\/wp\/v2\/product_brand?post=33643"},{"taxonomy":"product_cat","embeddable":true,"href":"https:\/\/tandemteam.es\/fr\/wp-json\/wp\/v2\/product_cat?post=33643"},{"taxonomy":"product_tag","embeddable":true,"href":"https:\/\/tandemteam.es\/fr\/wp-json\/wp\/v2\/product_tag?post=33643"}],"curies":[{"name":"wp","href":"https:\/\/api.w.org\/{rel}","templated":true}]}}