{"id":33655,"date":"2024-05-08T09:23:27","date_gmt":"2024-05-08T08:23:27","guid":{"rendered":"https:\/\/tandemteam.es\/product\/difference-dans-le-montant-de-lachat\/"},"modified":"2024-05-08T09:23:27","modified_gmt":"2024-05-08T08:23:27","slug":"difference-dans-le-montant-de-lachat","status":"publish","type":"product","link":"https:\/\/tandemteam.es\/fr\/produit\/difference-dans-le-montant-de-lachat\/","title":{"rendered":"Diff\u00e9rence dans le montant de l&rsquo;achat"},"content":{"rendered":"<ul>\n<li>Cet achat est d\u00fb au fait que vous avez chang\u00e9 de type de vol et qu&rsquo;il y a une diff\u00e9rence dans l&rsquo;achat par rapport \u00e0 ce que vous avez pay\u00e9.<\/li>\n<\/ul>\n","protected":false},"excerpt":{"rendered":"<p>Cet achat est d\u00fb au fait que vous avez chang\u00e9 de type de vol et qu&rsquo;il y a une diff\u00e9rence dans l&rsquo;achat par rapport \u00e0 ce que vous avez pay\u00e9.<\/p>\n","protected":false},"featured_media":32619,"template":"","meta":[],"product_brand":[],"product_cat":[343],"product_tag":[],"class_list":{"0":"post-33655","1":"product","2":"type-product","3":"status-publish","4":"has-post-thumbnail","6":"product_cat-tandem","8":"first","9":"instock","10":"virtual","11":"taxable","12":"purchasable","13":"product-type-simple"},"aioseo_notices":[],"_links":{"self":[{"href":"https:\/\/tandemteam.es\/fr\/wp-json\/wp\/v2\/product\/33655","targetHints":{"allow":["GET"]}}],"collection":[{"href":"https:\/\/tandemteam.es\/fr\/wp-json\/wp\/v2\/product"}],"about":[{"href":"https:\/\/tandemteam.es\/fr\/wp-json\/wp\/v2\/types\/product"}],"wp:featuredmedia":[{"embeddable":true,"href":"https:\/\/tandemteam.es\/fr\/wp-json\/wp\/v2\/media\/32619"}],"wp:attachment":[{"href":"https:\/\/tandemteam.es\/fr\/wp-json\/wp\/v2\/media?parent=33655"}],"wp:term":[{"taxonomy":"product_brand","embeddable":true,"href":"https:\/\/tandemteam.es\/fr\/wp-json\/wp\/v2\/product_brand?post=33655"},{"taxonomy":"product_cat","embeddable":true,"href":"https:\/\/tandemteam.es\/fr\/wp-json\/wp\/v2\/product_cat?post=33655"},{"taxonomy":"product_tag","embeddable":true,"href":"https:\/\/tandemteam.es\/fr\/wp-json\/wp\/v2\/product_tag?post=33655"}],"curies":[{"name":"wp","href":"https:\/\/api.w.org\/{rel}","templated":true}]}}