{"id":33669,"date":"2020-03-28T19:03:26","date_gmt":"2020-03-28T18:03:26","guid":{"rendered":"https:\/\/tandemteam.es\/product\/cours-dinitiation-pack-standard-complet\/"},"modified":"2020-03-28T19:03:26","modified_gmt":"2020-03-28T18:03:26","slug":"cours-dinitiation-pack-standard-complet","status":"publish","type":"product","link":"https:\/\/tandemteam.es\/fr\/produit\/cours-dinitiation-pack-standard-complet\/","title":{"rendered":"Cours d&rsquo;initiation &#8211; Pack standard &#8211; Complet"},"content":{"rendered":"<ul class=\"elementor-price-table__features-list\">\n<li class=\"elementor-repeater-item-b1f7b17\">\n<div class=\"elementor-price-table__feature-inner\"><i class=\"far fa-check-circle\" aria-hidden=\"true\"><\/i>  1 jour d&rsquo;activit\u00e9<\/div>\n<\/li>\n<li>Pratique de la pente scolaire<\/li>\n<li class=\"elementor-repeater-item-7c4eb72\">\n<div class=\"elementor-price-table__feature-inner\"><i class=\"far fa-check-circle\" aria-hidden=\"true\"><\/i>  1 vol \u00e9ducatif en tandem<\/div>\n<\/li>\n<li class=\"elementor-repeater-item-ef69cb4\">\n<div class=\"elementor-price-table__feature-inner\"><i class=\"far fa-check-circle\" aria-hidden=\"true\"><\/i>  Transport inclus pendant l&rsquo;activit\u00e9<\/div>\n<\/li>\n<\/ul>\n","protected":false},"excerpt":{"rendered":"<p>1 jour d&rsquo;activit\u00e9 Pratique de la pente scolaire 1 vol \u00e9ducatif en tandem Transport inclus pendant l&rsquo;activit\u00e9<\/p>\n","protected":false},"featured_media":27576,"template":"","meta":[],"product_brand":[],"product_cat":[341],"product_tag":[],"class_list":{"0":"post-33669","1":"product","2":"type-product","3":"status-publish","4":"has-post-thumbnail","6":"product_cat-non-categorise","8":"first","9":"instock","10":"virtual","11":"taxable","12":"purchasable","13":"product-type-simple"},"aioseo_notices":[],"_links":{"self":[{"href":"https:\/\/tandemteam.es\/fr\/wp-json\/wp\/v2\/product\/33669","targetHints":{"allow":["GET"]}}],"collection":[{"href":"https:\/\/tandemteam.es\/fr\/wp-json\/wp\/v2\/product"}],"about":[{"href":"https:\/\/tandemteam.es\/fr\/wp-json\/wp\/v2\/types\/product"}],"wp:featuredmedia":[{"embeddable":true,"href":"https:\/\/tandemteam.es\/fr\/wp-json\/wp\/v2\/media\/27576"}],"wp:attachment":[{"href":"https:\/\/tandemteam.es\/fr\/wp-json\/wp\/v2\/media?parent=33669"}],"wp:term":[{"taxonomy":"product_brand","embeddable":true,"href":"https:\/\/tandemteam.es\/fr\/wp-json\/wp\/v2\/product_brand?post=33669"},{"taxonomy":"product_cat","embeddable":true,"href":"https:\/\/tandemteam.es\/fr\/wp-json\/wp\/v2\/product_cat?post=33669"},{"taxonomy":"product_tag","embeddable":true,"href":"https:\/\/tandemteam.es\/fr\/wp-json\/wp\/v2\/product_tag?post=33669"}],"curies":[{"name":"wp","href":"https:\/\/api.w.org\/{rel}","templated":true}]}}