{"id":33681,"date":"2020-03-28T19:03:27","date_gmt":"2020-03-28T18:03:27","guid":{"rendered":"https:\/\/tandemteam.es\/product\/cours-de-progression-avec-cours-dinitiation-reservation\/"},"modified":"2020-03-28T19:03:27","modified_gmt":"2020-03-28T18:03:27","slug":"cours-de-progression-avec-cours-dinitiation-reservation","status":"publish","type":"product","link":"https:\/\/tandemteam.es\/fr\/produit\/cours-de-progression-avec-cours-dinitiation-reservation\/","title":{"rendered":"Cours de progression avec cours d&rsquo;initiation &#8211; R\u00e9servation"},"content":{"rendered":"<ul>\n<li>R\u00e9servation de cours<\/li>\n<li>8 vols ou plus<\/li>\n<li>5 jours de formation<\/li>\n<li>Nous vous r\u00e9compenserons pour votre confiance renouvel\u00e9e<\/li>\n<li>Transport inclus pendant l&rsquo;activit\u00e9<\/li>\n<li>Le solde est payable le premier jour de la formation.<\/li>\n<\/ul>\n","protected":false},"excerpt":{"rendered":"<p>R\u00e9servation de cours 8 vols ou plus 5 jours de formation Nous vous r\u00e9compenserons pour votre confiance renouvel\u00e9e Transport inclus pendant l&rsquo;activit\u00e9 Le solde est payable le premier jour de la formation.<\/p>\n","protected":false},"featured_media":31131,"template":"","meta":[],"product_brand":[],"product_cat":[341],"product_tag":[],"class_list":{"0":"post-33681","1":"product","2":"type-product","3":"status-publish","4":"has-post-thumbnail","6":"product_cat-non-categorise","8":"first","9":"instock","10":"virtual","11":"taxable","12":"purchasable","13":"product-type-simple"},"aioseo_notices":[],"_links":{"self":[{"href":"https:\/\/tandemteam.es\/fr\/wp-json\/wp\/v2\/product\/33681","targetHints":{"allow":["GET"]}}],"collection":[{"href":"https:\/\/tandemteam.es\/fr\/wp-json\/wp\/v2\/product"}],"about":[{"href":"https:\/\/tandemteam.es\/fr\/wp-json\/wp\/v2\/types\/product"}],"wp:featuredmedia":[{"embeddable":true,"href":"https:\/\/tandemteam.es\/fr\/wp-json\/wp\/v2\/media\/31131"}],"wp:attachment":[{"href":"https:\/\/tandemteam.es\/fr\/wp-json\/wp\/v2\/media?parent=33681"}],"wp:term":[{"taxonomy":"product_brand","embeddable":true,"href":"https:\/\/tandemteam.es\/fr\/wp-json\/wp\/v2\/product_brand?post=33681"},{"taxonomy":"product_cat","embeddable":true,"href":"https:\/\/tandemteam.es\/fr\/wp-json\/wp\/v2\/product_cat?post=33681"},{"taxonomy":"product_tag","embeddable":true,"href":"https:\/\/tandemteam.es\/fr\/wp-json\/wp\/v2\/product_tag?post=33681"}],"curies":[{"name":"wp","href":"https:\/\/api.w.org\/{rel}","templated":true}]}}