{"id":33682,"date":"2020-03-28T19:03:26","date_gmt":"2020-03-28T18:03:26","guid":{"rendered":"https:\/\/tandemteam.es\/product\/progression-du-cours-totalite\/"},"modified":"2020-03-28T19:03:26","modified_gmt":"2020-03-28T18:03:26","slug":"progression-du-cours-totalite","status":"publish","type":"product","link":"https:\/\/tandemteam.es\/fr\/produit\/progression-du-cours-totalite\/","title":{"rendered":"Progression du cours &#8211; Totalit\u00e9"},"content":{"rendered":"<ul class=\"elementor-price-table__features-list\">\n<li class=\"elementor-repeater-item-47f5d25\">\n<div class=\"elementor-price-table__feature-inner\">10 vols ou plus<\/div>\n<\/li>\n<li class=\"elementor-repeater-item-58552ce\">\n<div class=\"elementor-price-table__feature-inner\"><i class=\"far fa-check-circle\" aria-hidden=\"true\"><\/i>  5 jours de stages<\/div>\n<\/li>\n<li class=\"elementor-repeater-item-887a4d9\">\n<div class=\"elementor-price-table__feature-inner\"><i class=\"far fa-check-circle\" aria-hidden=\"true\"><\/i>  Tout le mat\u00e9riel technique est fourni par l&rsquo;\u00e9cole<\/div>\n<\/li>\n<li>Transport inclus pendant l&rsquo;activit\u00e9<\/li>\n<\/ul>\n","protected":false},"excerpt":{"rendered":"<p>10 vols ou plus 5 jours de stages Tout le mat\u00e9riel technique est fourni par l&rsquo;\u00e9cole Transport inclus pendant l&rsquo;activit\u00e9<\/p>\n","protected":false},"featured_media":31131,"template":"","meta":[],"product_brand":[],"product_cat":[341],"product_tag":[],"class_list":{"0":"post-33682","1":"product","2":"type-product","3":"status-publish","4":"has-post-thumbnail","6":"product_cat-non-categorise","8":"first","9":"instock","10":"virtual","11":"taxable","12":"purchasable","13":"product-type-simple"},"aioseo_notices":[],"_links":{"self":[{"href":"https:\/\/tandemteam.es\/fr\/wp-json\/wp\/v2\/product\/33682","targetHints":{"allow":["GET"]}}],"collection":[{"href":"https:\/\/tandemteam.es\/fr\/wp-json\/wp\/v2\/product"}],"about":[{"href":"https:\/\/tandemteam.es\/fr\/wp-json\/wp\/v2\/types\/product"}],"wp:featuredmedia":[{"embeddable":true,"href":"https:\/\/tandemteam.es\/fr\/wp-json\/wp\/v2\/media\/31131"}],"wp:attachment":[{"href":"https:\/\/tandemteam.es\/fr\/wp-json\/wp\/v2\/media?parent=33682"}],"wp:term":[{"taxonomy":"product_brand","embeddable":true,"href":"https:\/\/tandemteam.es\/fr\/wp-json\/wp\/v2\/product_brand?post=33682"},{"taxonomy":"product_cat","embeddable":true,"href":"https:\/\/tandemteam.es\/fr\/wp-json\/wp\/v2\/product_cat?post=33682"},{"taxonomy":"product_tag","embeddable":true,"href":"https:\/\/tandemteam.es\/fr\/wp-json\/wp\/v2\/product_tag?post=33682"}],"curies":[{"name":"wp","href":"https:\/\/api.w.org\/{rel}","templated":true}]}}