{"id":33696,"date":"2020-03-28T19:03:27","date_gmt":"2020-03-28T18:03:27","guid":{"rendered":"https:\/\/tandemteam.es\/product\/cours-de-recyclage-reservation\/"},"modified":"2020-03-28T19:03:27","modified_gmt":"2020-03-28T18:03:27","slug":"cours-de-recyclage-reservation","status":"publish","type":"product","link":"https:\/\/tandemteam.es\/fr\/produit\/cours-de-recyclage-reservation\/","title":{"rendered":"Cours de recyclage &#8211; R\u00e9servation"},"content":{"rendered":"<div><\/div>\n<ul>\n<li>R\u00e9servation du stage de perfectionnement<\/li>\n<li>10 vols ou plus<\/li>\n<li>Dur\u00e9e du cours 5 jours<\/li>\n<li>L&rsquo;\u00e9cole fournit tout le mat\u00e9riel<\/li>\n<li>Voyage inclus pendant le cours<\/li>\n<li>Le reste du prix du cours est payable le premier jour du cours.<\/li>\n<\/ul>\n","protected":false},"excerpt":{"rendered":"<p>R\u00e9servation du stage de perfectionnement 10 vols ou plus Dur\u00e9e du cours 5 jours L&rsquo;\u00e9cole fournit tout le mat\u00e9riel Voyage inclus pendant le cours Le reste du prix du cours est payable le premier jour du cours.<\/p>\n","protected":false},"featured_media":32454,"template":"","meta":[],"product_brand":[],"product_cat":[341],"product_tag":[],"class_list":{"0":"post-33696","1":"product","2":"type-product","3":"status-publish","4":"has-post-thumbnail","6":"product_cat-non-categorise","8":"first","9":"instock","10":"virtual","11":"taxable","12":"purchasable","13":"product-type-simple"},"aioseo_notices":[],"_links":{"self":[{"href":"https:\/\/tandemteam.es\/fr\/wp-json\/wp\/v2\/product\/33696","targetHints":{"allow":["GET"]}}],"collection":[{"href":"https:\/\/tandemteam.es\/fr\/wp-json\/wp\/v2\/product"}],"about":[{"href":"https:\/\/tandemteam.es\/fr\/wp-json\/wp\/v2\/types\/product"}],"wp:featuredmedia":[{"embeddable":true,"href":"https:\/\/tandemteam.es\/fr\/wp-json\/wp\/v2\/media\/32454"}],"wp:attachment":[{"href":"https:\/\/tandemteam.es\/fr\/wp-json\/wp\/v2\/media?parent=33696"}],"wp:term":[{"taxonomy":"product_brand","embeddable":true,"href":"https:\/\/tandemteam.es\/fr\/wp-json\/wp\/v2\/product_brand?post=33696"},{"taxonomy":"product_cat","embeddable":true,"href":"https:\/\/tandemteam.es\/fr\/wp-json\/wp\/v2\/product_cat?post=33696"},{"taxonomy":"product_tag","embeddable":true,"href":"https:\/\/tandemteam.es\/fr\/wp-json\/wp\/v2\/product_tag?post=33696"}],"curies":[{"name":"wp","href":"https:\/\/api.w.org\/{rel}","templated":true}]}}