{"id":33699,"date":"2020-03-28T19:03:27","date_gmt":"2020-03-28T18:03:27","guid":{"rendered":"https:\/\/tandemteam.es\/product\/cours-de-recyclage-reservation-2\/"},"modified":"2020-03-28T19:03:27","modified_gmt":"2020-03-28T18:03:27","slug":"cours-de-recyclage-reservation-2","status":"publish","type":"product","link":"https:\/\/tandemteam.es\/fr\/produit\/cours-de-recyclage-reservation-2\/","title":{"rendered":"Cours de recyclage &#8211; R\u00e9servation"},"content":{"rendered":"<ul class=\"elementor-price-table__features-list\">\n<li>R\u00e9servation<\/li>\n<li class=\"elementor-repeater-item-47f5d25\">\n<div class=\"elementor-price-table__feature-inner\">10 vols ou plus<\/div>\n<\/li>\n<li class=\"elementor-repeater-item-58552ce\">\n<div class=\"elementor-price-table__feature-inner\"><i class=\"far fa-check-circle\" aria-hidden=\"true\"><\/i>  Dur\u00e9e du cours 5 jours<\/div>\n<\/li>\n<li class=\"elementor-repeater-item-34e6325\">\n<div class=\"elementor-price-table__feature-inner\"><i class=\"far fa-check-circle\" aria-hidden=\"true\"><\/i>  L&rsquo;\u00e9l\u00e8ve fournit son parachute, sa chaise, son parachute, sa radio et son casque.<\/div>\n<\/li>\n<li>Transport inclus pendant l&rsquo;activit\u00e9<\/li>\n<li>Le paiement int\u00e9gral est d\u00fb le premier jour du cours.<\/li>\n<\/ul>\n","protected":false},"excerpt":{"rendered":"<p>R\u00e9servation 10 vols ou plus Dur\u00e9e du cours 5 jours L&rsquo;\u00e9l\u00e8ve fournit son parachute, sa chaise, son parachute, sa radio et son casque. Transport inclus pendant l&rsquo;activit\u00e9 Le paiement int\u00e9gral est d\u00fb le premier jour du cours.<\/p>\n","protected":false},"featured_media":32454,"template":"","meta":[],"product_brand":[],"product_cat":[341],"product_tag":[],"class_list":{"0":"post-33699","1":"product","2":"type-product","3":"status-publish","4":"has-post-thumbnail","6":"product_cat-non-categorise","8":"first","9":"instock","10":"virtual","11":"taxable","12":"purchasable","13":"product-type-simple"},"aioseo_notices":[],"_links":{"self":[{"href":"https:\/\/tandemteam.es\/fr\/wp-json\/wp\/v2\/product\/33699","targetHints":{"allow":["GET"]}}],"collection":[{"href":"https:\/\/tandemteam.es\/fr\/wp-json\/wp\/v2\/product"}],"about":[{"href":"https:\/\/tandemteam.es\/fr\/wp-json\/wp\/v2\/types\/product"}],"wp:featuredmedia":[{"embeddable":true,"href":"https:\/\/tandemteam.es\/fr\/wp-json\/wp\/v2\/media\/32454"}],"wp:attachment":[{"href":"https:\/\/tandemteam.es\/fr\/wp-json\/wp\/v2\/media?parent=33699"}],"wp:term":[{"taxonomy":"product_brand","embeddable":true,"href":"https:\/\/tandemteam.es\/fr\/wp-json\/wp\/v2\/product_brand?post=33699"},{"taxonomy":"product_cat","embeddable":true,"href":"https:\/\/tandemteam.es\/fr\/wp-json\/wp\/v2\/product_cat?post=33699"},{"taxonomy":"product_tag","embeddable":true,"href":"https:\/\/tandemteam.es\/fr\/wp-json\/wp\/v2\/product_tag?post=33699"}],"curies":[{"name":"wp","href":"https:\/\/api.w.org\/{rel}","templated":true}]}}