{"id":33704,"date":"2020-03-28T19:03:28","date_gmt":"2020-03-28T18:03:28","guid":{"rendered":"https:\/\/tandemteam.es\/product\/cours-de-recyclage-avec-cours-dintroduction-completude\/"},"modified":"2020-03-28T19:03:28","modified_gmt":"2020-03-28T18:03:28","slug":"cours-de-recyclage-avec-cours-dintroduction-completude","status":"publish","type":"product","link":"https:\/\/tandemteam.es\/fr\/produit\/cours-de-recyclage-avec-cours-dintroduction-completude\/","title":{"rendered":"Cours de recyclage avec cours d&rsquo;introduction &#8211; Compl\u00e9tude"},"content":{"rendered":"<ul class=\"elementor-price-table__features-list\">\n<li class=\"elementor-repeater-item-47f5d25\">\n<div class=\"elementor-price-table__feature-inner\">10 vols ou plus<\/div>\n<\/li>\n<li class=\"elementor-repeater-item-47f5d25\">\n<div class=\"elementor-price-table__feature-inner\">Dur\u00e9e du cours 5 jours<\/div>\n<\/li>\n<li class=\"elementor-repeater-item-58552ce\">\n<div class=\"elementor-price-table__feature-inner\">Nous vous accordons une r\u00e9duction si vous avez d\u00e9j\u00e0 suivi un autre cours chez nous.<\/div>\n<\/li>\n<li>Transport inclus pendant l&rsquo;activit\u00e9.<\/li>\n<\/ul>\n","protected":false},"excerpt":{"rendered":"<p>10 vols ou plus Dur\u00e9e du cours 5 jours Nous vous accordons une r\u00e9duction si vous avez d\u00e9j\u00e0 suivi un autre cours chez nous. Transport inclus pendant l&rsquo;activit\u00e9.<\/p>\n","protected":false},"featured_media":32454,"template":"","meta":[],"product_brand":[],"product_cat":[341],"product_tag":[],"class_list":{"0":"post-33704","1":"product","2":"type-product","3":"status-publish","4":"has-post-thumbnail","6":"product_cat-non-categorise","8":"first","9":"instock","10":"virtual","11":"taxable","12":"purchasable","13":"product-type-simple"},"aioseo_notices":[],"_links":{"self":[{"href":"https:\/\/tandemteam.es\/fr\/wp-json\/wp\/v2\/product\/33704","targetHints":{"allow":["GET"]}}],"collection":[{"href":"https:\/\/tandemteam.es\/fr\/wp-json\/wp\/v2\/product"}],"about":[{"href":"https:\/\/tandemteam.es\/fr\/wp-json\/wp\/v2\/types\/product"}],"wp:featuredmedia":[{"embeddable":true,"href":"https:\/\/tandemteam.es\/fr\/wp-json\/wp\/v2\/media\/32454"}],"wp:attachment":[{"href":"https:\/\/tandemteam.es\/fr\/wp-json\/wp\/v2\/media?parent=33704"}],"wp:term":[{"taxonomy":"product_brand","embeddable":true,"href":"https:\/\/tandemteam.es\/fr\/wp-json\/wp\/v2\/product_brand?post=33704"},{"taxonomy":"product_cat","embeddable":true,"href":"https:\/\/tandemteam.es\/fr\/wp-json\/wp\/v2\/product_cat?post=33704"},{"taxonomy":"product_tag","embeddable":true,"href":"https:\/\/tandemteam.es\/fr\/wp-json\/wp\/v2\/product_tag?post=33704"}],"curies":[{"name":"wp","href":"https:\/\/api.w.org\/{rel}","templated":true}]}}