{"id":33713,"date":"2020-03-28T19:03:29","date_gmt":"2020-03-28T18:03:29","guid":{"rendered":"https:\/\/tandemteam.es\/product\/cours-de-remise-a-niveau-avec-materiel-achete-chez-tandemteam-reservation\/"},"modified":"2020-03-28T19:03:29","modified_gmt":"2020-03-28T18:03:29","slug":"cours-de-remise-a-niveau-avec-materiel-achete-chez-tandemteam-reservation","status":"publish","type":"product","link":"https:\/\/tandemteam.es\/fr\/produit\/cours-de-remise-a-niveau-avec-materiel-achete-chez-tandemteam-reservation\/","title":{"rendered":"Cours de remise \u00e0 niveau &#8211; avec mat\u00e9riel achet\u00e9 chez TandemTeam &#8211; R\u00e9servation"},"content":{"rendered":"<ul class=\"elementor-price-table__features-list\">\n<li>R\u00e9servation<\/li>\n<li class=\"elementor-repeater-item-47f5d25\">\n<div class=\"elementor-price-table__feature-inner\">10 vols ou plus<\/div>\n<\/li>\n<li class=\"elementor-repeater-item-47f5d25\">\n<div class=\"elementor-price-table__feature-inner\">Dur\u00e9e du cours 5 jours<\/div>\n<\/li>\n<li class=\"elementor-repeater-item-58552ce\">\n<div class=\"elementor-price-table__feature-inner\"><span class=\"elementor-inline-editing\" data-elementor-setting-key=\"features_list.1.item_text\">Nous vous accordons une r\u00e9duction si vous avez suivi un autre cours et achet\u00e9 un \u00e9quipement complet chez nous.<\/span><\/div>\n<\/li>\n<li>Transport inclus pendant l&rsquo;activit\u00e9<\/li>\n<li>Le paiement int\u00e9gral est d\u00fb le premier jour du cours.<\/li>\n<\/ul>\n<p>&nbsp;<\/p>\n","protected":false},"excerpt":{"rendered":"<p>R\u00e9servation 10 vols ou plus Dur\u00e9e du cours 5 jours Nous vous accordons une r\u00e9duction si vous avez suivi un autre cours et achet\u00e9 un \u00e9quipement complet chez nous. Transport inclus pendant l&rsquo;activit\u00e9 Le paiement int\u00e9gral est d\u00fb le premier jour du cours. &nbsp;<\/p>\n","protected":false},"featured_media":32454,"template":"","meta":[],"product_brand":[],"product_cat":[341],"product_tag":[],"class_list":{"0":"post-33713","1":"product","2":"type-product","3":"status-publish","4":"has-post-thumbnail","6":"product_cat-non-categorise","8":"first","9":"instock","10":"virtual","11":"taxable","12":"purchasable","13":"product-type-simple"},"aioseo_notices":[],"_links":{"self":[{"href":"https:\/\/tandemteam.es\/fr\/wp-json\/wp\/v2\/product\/33713","targetHints":{"allow":["GET"]}}],"collection":[{"href":"https:\/\/tandemteam.es\/fr\/wp-json\/wp\/v2\/product"}],"about":[{"href":"https:\/\/tandemteam.es\/fr\/wp-json\/wp\/v2\/types\/product"}],"wp:featuredmedia":[{"embeddable":true,"href":"https:\/\/tandemteam.es\/fr\/wp-json\/wp\/v2\/media\/32454"}],"wp:attachment":[{"href":"https:\/\/tandemteam.es\/fr\/wp-json\/wp\/v2\/media?parent=33713"}],"wp:term":[{"taxonomy":"product_brand","embeddable":true,"href":"https:\/\/tandemteam.es\/fr\/wp-json\/wp\/v2\/product_brand?post=33713"},{"taxonomy":"product_cat","embeddable":true,"href":"https:\/\/tandemteam.es\/fr\/wp-json\/wp\/v2\/product_cat?post=33713"},{"taxonomy":"product_tag","embeddable":true,"href":"https:\/\/tandemteam.es\/fr\/wp-json\/wp\/v2\/product_tag?post=33713"}],"curies":[{"name":"wp","href":"https:\/\/api.w.org\/{rel}","templated":true}]}}