{"id":33719,"date":"2020-03-28T19:03:29","date_gmt":"2020-03-28T18:03:29","guid":{"rendered":"https:\/\/tandemteam.es\/product\/cours-xc-ou-a-distance-pack-pro-totalite\/"},"modified":"2020-03-28T19:03:29","modified_gmt":"2020-03-28T18:03:29","slug":"cours-xc-ou-a-distance-pack-pro-totalite","status":"publish","type":"product","link":"https:\/\/tandemteam.es\/fr\/produit\/cours-xc-ou-a-distance-pack-pro-totalite\/","title":{"rendered":"Cours XC ou \u00e0 distance &#8211; Pack Pro &#8211; Totalit\u00e9"},"content":{"rendered":"<ul>\n<li>Voyage dans d&rsquo;autres vall\u00e9es et montagnes (en fonction des conditions m\u00e9t\u00e9orologiques)<\/li>\n<li>Comprend la th\u00e9orie, le pilotage, le maniement des instruments et la m\u00e9t\u00e9orologie.<\/li>\n<li>Communication et assistance en vol<\/li>\n<li>Les vols peuvent durer plus de 2 heures<\/li>\n<li>Prix par jour<\/li>\n<li>Prise en charge incluse<\/li>\n<\/ul>\n","protected":false},"excerpt":{"rendered":"<p>Voyage dans d&rsquo;autres vall\u00e9es et montagnes (en fonction des conditions m\u00e9t\u00e9orologiques) Comprend la th\u00e9orie, le pilotage, le maniement des instruments et la m\u00e9t\u00e9orologie. Communication et assistance en vol Les vols peuvent durer plus de 2 heures Prix par jour Prise en charge incluse<\/p>\n","protected":false},"featured_media":32373,"template":"","meta":[],"product_brand":[],"product_cat":[341],"product_tag":[],"class_list":{"0":"post-33719","1":"product","2":"type-product","3":"status-publish","4":"has-post-thumbnail","6":"product_cat-non-categorise","8":"first","9":"instock","10":"virtual","11":"taxable","12":"purchasable","13":"product-type-simple"},"aioseo_notices":[],"_links":{"self":[{"href":"https:\/\/tandemteam.es\/fr\/wp-json\/wp\/v2\/product\/33719","targetHints":{"allow":["GET"]}}],"collection":[{"href":"https:\/\/tandemteam.es\/fr\/wp-json\/wp\/v2\/product"}],"about":[{"href":"https:\/\/tandemteam.es\/fr\/wp-json\/wp\/v2\/types\/product"}],"wp:featuredmedia":[{"embeddable":true,"href":"https:\/\/tandemteam.es\/fr\/wp-json\/wp\/v2\/media\/32373"}],"wp:attachment":[{"href":"https:\/\/tandemteam.es\/fr\/wp-json\/wp\/v2\/media?parent=33719"}],"wp:term":[{"taxonomy":"product_brand","embeddable":true,"href":"https:\/\/tandemteam.es\/fr\/wp-json\/wp\/v2\/product_brand?post=33719"},{"taxonomy":"product_cat","embeddable":true,"href":"https:\/\/tandemteam.es\/fr\/wp-json\/wp\/v2\/product_cat?post=33719"},{"taxonomy":"product_tag","embeddable":true,"href":"https:\/\/tandemteam.es\/fr\/wp-json\/wp\/v2\/product_tag?post=33719"}],"curies":[{"name":"wp","href":"https:\/\/api.w.org\/{rel}","templated":true}]}}