{"id":33727,"date":"2020-03-30T05:23:09","date_gmt":"2020-03-30T04:23:09","guid":{"rendered":"https:\/\/tandemteam.es\/product\/vol-guide-initiation-progression-plus-de-600m\/"},"modified":"2020-03-30T05:23:09","modified_gmt":"2020-03-30T04:23:09","slug":"vol-guide-initiation-progression-plus-de-600m","status":"publish","type":"product","link":"https:\/\/tandemteam.es\/fr\/produit\/vol-guide-initiation-progression-plus-de-600m\/","title":{"rendered":"Vol guid\u00e9 &#8211; Initiation &#8211; Progression &#8211; Plus de 600m"},"content":{"rendered":"<p>&nbsp;<\/p>\n<ul>\n<li class=\"elementor-repeater-item-b1f7b17\">\n<div class=\"elementor-price-table__feature-inner\">Convient aux pilotes ayant effectu\u00e9 moins de 50 vols<\/div>\n<\/li>\n<li class=\"elementor-repeater-item-7c4eb72\">\n<div class=\"elementor-price-table__feature-inner\"><i class=\"far fa-check-circle\" aria-hidden=\"true\"><\/i>  Pour les pilotes qui d\u00e9couvrent la r\u00e9gion<\/div>\n<\/li>\n<li>Assistance au d\u00e9collage, au vol et \u00e0 l&rsquo;atterrissage<\/li>\n<li>D\u00e9collages utilis\u00e9s Liri, Pedras Blancas et Intermedio<\/li>\n<li>Pentes entre 800 et 1350 m de d\u00e9nivel\u00e9<\/li>\n<li>Technique \u00e0 flanc de colline i mont\u00e9e douce<\/li>\n<li class=\"elementor-repeater-item-ef69cb4\">\n<div class=\"elementor-price-table__feature-inner\"><i class=\"far fa-check-circle\" aria-hidden=\"true\"><\/i>  Pas de vols thermiques<\/div>\n<\/li>\n<\/ul>\n<p>&nbsp;<\/p>\n","protected":false},"excerpt":{"rendered":"<p>&nbsp; Convient aux pilotes ayant effectu\u00e9 moins de 50 vols Pour les pilotes qui d\u00e9couvrent la r\u00e9gion Assistance au d\u00e9collage, au vol et \u00e0 l&rsquo;atterrissage D\u00e9collages utilis\u00e9s Liri, Pedras Blancas et Intermedio Pentes entre 800 et 1350 m de d\u00e9nivel\u00e9 Technique \u00e0 flanc de colline i mont\u00e9e douce Pas de vols thermiques &nbsp;<\/p>\n","protected":false},"featured_media":32553,"template":"","meta":[],"product_brand":[],"product_cat":[342],"product_tag":[],"class_list":{"0":"post-33727","1":"product","2":"type-product","3":"status-publish","4":"has-post-thumbnail","6":"product_cat-vols-guides","8":"first","9":"instock","10":"taxable","11":"shipping-taxable","12":"purchasable","13":"product-type-simple"},"aioseo_notices":[],"_links":{"self":[{"href":"https:\/\/tandemteam.es\/fr\/wp-json\/wp\/v2\/product\/33727","targetHints":{"allow":["GET"]}}],"collection":[{"href":"https:\/\/tandemteam.es\/fr\/wp-json\/wp\/v2\/product"}],"about":[{"href":"https:\/\/tandemteam.es\/fr\/wp-json\/wp\/v2\/types\/product"}],"wp:featuredmedia":[{"embeddable":true,"href":"https:\/\/tandemteam.es\/fr\/wp-json\/wp\/v2\/media\/32553"}],"wp:attachment":[{"href":"https:\/\/tandemteam.es\/fr\/wp-json\/wp\/v2\/media?parent=33727"}],"wp:term":[{"taxonomy":"product_brand","embeddable":true,"href":"https:\/\/tandemteam.es\/fr\/wp-json\/wp\/v2\/product_brand?post=33727"},{"taxonomy":"product_cat","embeddable":true,"href":"https:\/\/tandemteam.es\/fr\/wp-json\/wp\/v2\/product_cat?post=33727"},{"taxonomy":"product_tag","embeddable":true,"href":"https:\/\/tandemteam.es\/fr\/wp-json\/wp\/v2\/product_tag?post=33727"}],"curies":[{"name":"wp","href":"https:\/\/api.w.org\/{rel}","templated":true}]}}