{"id":33728,"date":"2020-03-30T05:26:08","date_gmt":"2020-03-30T04:26:08","guid":{"rendered":"https:\/\/tandemteam.es\/product\/vol-guide-remise-a-niveau-pack-10-vols\/"},"modified":"2020-03-30T05:26:08","modified_gmt":"2020-03-30T04:26:08","slug":"vol-guide-remise-a-niveau-pack-10-vols","status":"publish","type":"product","link":"https:\/\/tandemteam.es\/fr\/produit\/vol-guide-remise-a-niveau-pack-10-vols\/","title":{"rendered":"Vol guid\u00e9 &#8211; Remise \u00e0 niveau &#8211; Pack 10 vols"},"content":{"rendered":"<ul>\n<li class=\"elementor-repeater-item-47f5d25\">\n<div class=\"elementor-price-table__feature-inner\">7 vols au-dessous de 1300 et 3 au-dessus de 1300 (sous r\u00e9serve des conditions m\u00e9t\u00e9orologiques). <i class=\"far fa-check-circle\" aria-hidden=\"true\"><\/i><\/div>\n<\/li>\n<li class=\"elementor-repeater-item-47f5d25\">\n<div class=\"elementor-price-table__feature-inner\">Pour les personnes qui ont d\u00e9j\u00e0 quelques vols \u00e0 leur actif et qui souhaitent am\u00e9liorer leur technique de vol en thermique ou en pente.<\/div>\n<\/li>\n<li class=\"elementor-repeater-item-58552ce\">\n<div class=\"elementor-price-table__feature-inner\"><i class=\"far fa-check-circle\" aria-hidden=\"true\"><\/i>  Les vols en descente peuvent \u00eatre effectu\u00e9s pour pratiquer les man\u0153uvres de descente, les gaz, la technique de virage, les instruments, etc.<\/div>\n<\/li>\n<li>Les d\u00e9collages ont \u00e9t\u00e9 effectu\u00e9s en Rials, Liri, Pedras Blancas et Interm\u00e9diaires.<\/li>\n<li>Pentes entre 300 et 1350 m de d\u00e9nivel\u00e9<\/li>\n<li>Dur\u00e9e de conservation : 1 an<\/li>\n<\/ul>\n","protected":false},"excerpt":{"rendered":"<p>7 vols au-dessous de 1300 et 3 au-dessus de 1300 (sous r\u00e9serve des conditions m\u00e9t\u00e9orologiques). Pour les personnes qui ont d\u00e9j\u00e0 quelques vols \u00e0 leur actif et qui souhaitent am\u00e9liorer leur technique de vol en thermique ou en pente. Les vols en descente peuvent \u00eatre effectu\u00e9s pour pratiquer les man\u0153uvres de descente, les gaz, la [&hellip;]<\/p>\n","protected":false},"featured_media":32589,"template":"","meta":[],"product_brand":[],"product_cat":[342],"product_tag":[],"class_list":{"0":"post-33728","1":"product","2":"type-product","3":"status-publish","4":"has-post-thumbnail","6":"product_cat-vols-guides","8":"first","9":"instock","10":"taxable","11":"shipping-taxable","12":"purchasable","13":"product-type-simple"},"aioseo_notices":[],"_links":{"self":[{"href":"https:\/\/tandemteam.es\/fr\/wp-json\/wp\/v2\/product\/33728","targetHints":{"allow":["GET"]}}],"collection":[{"href":"https:\/\/tandemteam.es\/fr\/wp-json\/wp\/v2\/product"}],"about":[{"href":"https:\/\/tandemteam.es\/fr\/wp-json\/wp\/v2\/types\/product"}],"wp:featuredmedia":[{"embeddable":true,"href":"https:\/\/tandemteam.es\/fr\/wp-json\/wp\/v2\/media\/32589"}],"wp:attachment":[{"href":"https:\/\/tandemteam.es\/fr\/wp-json\/wp\/v2\/media?parent=33728"}],"wp:term":[{"taxonomy":"product_brand","embeddable":true,"href":"https:\/\/tandemteam.es\/fr\/wp-json\/wp\/v2\/product_brand?post=33728"},{"taxonomy":"product_cat","embeddable":true,"href":"https:\/\/tandemteam.es\/fr\/wp-json\/wp\/v2\/product_cat?post=33728"},{"taxonomy":"product_tag","embeddable":true,"href":"https:\/\/tandemteam.es\/fr\/wp-json\/wp\/v2\/product_tag?post=33728"}],"curies":[{"name":"wp","href":"https:\/\/api.w.org\/{rel}","templated":true}]}}