{"id":33732,"date":"2020-03-30T05:25:16","date_gmt":"2020-03-30T04:25:16","guid":{"rendered":"https:\/\/tandemteam.es\/product\/vol-guide-initiation-progression-pack-10-vols\/"},"modified":"2020-03-30T05:25:16","modified_gmt":"2020-03-30T04:25:16","slug":"vol-guide-initiation-progression-pack-10-vols","status":"publish","type":"product","link":"https:\/\/tandemteam.es\/fr\/produit\/vol-guide-initiation-progression-pack-10-vols\/","title":{"rendered":"Vol guid\u00e9 &#8211; Initiation &#8211; Progression &#8211; Pack 10 vols"},"content":{"rendered":"<ul>\n<li class=\"elementor-repeater-item-47f5d25\">\n<div class=\"elementor-price-table__feature-inner\">7 vols au-dessous de 1300 et 3 au-dessus de 1300 (sous r\u00e9serve des conditions m\u00e9t\u00e9orologiques). <\/div>\n<\/li>\n<li class=\"elementor-repeater-item-58552ce\">\n<div class=\"elementor-price-table__feature-inner\"><i class=\"far fa-check-circle\" aria-hidden=\"true\"><\/i>  Dur\u00e9e de conservation : 1 an<\/div>\n<\/li>\n<li class=\"elementor-repeater-item-b1f7b17\">\n<div class=\"elementor-price-table__feature-inner\">Convient aux pilotes ayant effectu\u00e9 moins de 50 vols<\/div>\n<\/li>\n<li class=\"elementor-repeater-item-7c4eb72\">\n<div class=\"elementor-price-table__feature-inner\"><i class=\"far fa-check-circle\" aria-hidden=\"true\"><\/i>  Pour les pilotes qui d\u00e9couvrent la r\u00e9gion<\/div>\n<\/li>\n<li>Assistance au d\u00e9collage, au vol et \u00e0 l&rsquo;atterrissage<\/li>\n<li>Les d\u00e9collages ont \u00e9t\u00e9 effectu\u00e9s en Rials, Liri, Pedras Blancas et Interm\u00e9diaires.<\/li>\n<li>Pentes entre 800 et 1350 m de d\u00e9nivel\u00e9<\/li>\n<li>Technique \u00e0 flanc de colline i mont\u00e9e douce<\/li>\n<li class=\"elementor-repeater-item-ef69cb4\">\n<div class=\"elementor-price-table__feature-inner\"><i class=\"far fa-check-circle\" aria-hidden=\"true\"><\/i>  Pas de vols thermiques<\/div>\n<\/li>\n<\/ul>\n","protected":false},"excerpt":{"rendered":"<p>7 vols au-dessous de 1300 et 3 au-dessus de 1300 (sous r\u00e9serve des conditions m\u00e9t\u00e9orologiques). Dur\u00e9e de conservation : 1 an Convient aux pilotes ayant effectu\u00e9 moins de 50 vols Pour les pilotes qui d\u00e9couvrent la r\u00e9gion Assistance au d\u00e9collage, au vol et \u00e0 l&rsquo;atterrissage Les d\u00e9collages ont \u00e9t\u00e9 effectu\u00e9s en Rials, Liri, Pedras Blancas [&hellip;]<\/p>\n","protected":false},"featured_media":32553,"template":"","meta":[],"product_brand":[],"product_cat":[342],"product_tag":[],"class_list":{"0":"post-33732","1":"product","2":"type-product","3":"status-publish","4":"has-post-thumbnail","6":"product_cat-vols-guides","8":"first","9":"instock","10":"taxable","11":"shipping-taxable","12":"purchasable","13":"product-type-simple"},"aioseo_notices":[],"_links":{"self":[{"href":"https:\/\/tandemteam.es\/fr\/wp-json\/wp\/v2\/product\/33732","targetHints":{"allow":["GET"]}}],"collection":[{"href":"https:\/\/tandemteam.es\/fr\/wp-json\/wp\/v2\/product"}],"about":[{"href":"https:\/\/tandemteam.es\/fr\/wp-json\/wp\/v2\/types\/product"}],"wp:featuredmedia":[{"embeddable":true,"href":"https:\/\/tandemteam.es\/fr\/wp-json\/wp\/v2\/media\/32553"}],"wp:attachment":[{"href":"https:\/\/tandemteam.es\/fr\/wp-json\/wp\/v2\/media?parent=33732"}],"wp:term":[{"taxonomy":"product_brand","embeddable":true,"href":"https:\/\/tandemteam.es\/fr\/wp-json\/wp\/v2\/product_brand?post=33732"},{"taxonomy":"product_cat","embeddable":true,"href":"https:\/\/tandemteam.es\/fr\/wp-json\/wp\/v2\/product_cat?post=33732"},{"taxonomy":"product_tag","embeddable":true,"href":"https:\/\/tandemteam.es\/fr\/wp-json\/wp\/v2\/product_tag?post=33732"}],"curies":[{"name":"wp","href":"https:\/\/api.w.org\/{rel}","templated":true}]}}