{"id":33735,"date":"2020-03-30T05:26:41","date_gmt":"2020-03-30T04:26:41","guid":{"rendered":"https:\/\/tandemteam.es\/product\/vol-guide-competence-moins-de-600m\/"},"modified":"2020-03-30T05:26:41","modified_gmt":"2020-03-30T04:26:41","slug":"vol-guide-competence-moins-de-600m","status":"publish","type":"product","link":"https:\/\/tandemteam.es\/fr\/produit\/vol-guide-competence-moins-de-600m\/","title":{"rendered":"Vol guid\u00e9 &#8211; Comp\u00e9tence &#8211; Moins de 600m"},"content":{"rendered":"<ul>\n<li class=\"elementor-repeater-item-47f5d25\">\n<div class=\"elementor-price-table__feature-inner\">Pour les personnes qui ont d\u00e9j\u00e0 quelques vols \u00e0 leur actif et qui souhaitent am\u00e9liorer leur technique de vol en thermique ou en pente.<\/div>\n<\/li>\n<li class=\"elementor-repeater-item-58552ce\">\n<div class=\"elementor-price-table__feature-inner\"><i class=\"far fa-check-circle\" aria-hidden=\"true\"><\/i>  Les vols en descente peuvent \u00eatre effectu\u00e9s pour pratiquer les man\u0153uvres de descente, les gaz, la technique de virage, les instruments, etc.<\/div>\n<\/li>\n<li>D\u00e9collages utilis\u00e9s Rials<\/li>\n<\/ul>\n<p>&nbsp;<\/p>\n","protected":false},"excerpt":{"rendered":"<p>Pour les personnes qui ont d\u00e9j\u00e0 quelques vols \u00e0 leur actif et qui souhaitent am\u00e9liorer leur technique de vol en thermique ou en pente. Les vols en descente peuvent \u00eatre effectu\u00e9s pour pratiquer les man\u0153uvres de descente, les gaz, la technique de virage, les instruments, etc. D\u00e9collages utilis\u00e9s Rials &nbsp;<\/p>\n","protected":false},"featured_media":32589,"template":"","meta":[],"product_brand":[],"product_cat":[342],"product_tag":[],"class_list":{"0":"post-33735","1":"product","2":"type-product","3":"status-publish","4":"has-post-thumbnail","6":"product_cat-vols-guides","8":"first","9":"instock","10":"taxable","11":"shipping-taxable","12":"purchasable","13":"product-type-simple"},"aioseo_notices":[],"_links":{"self":[{"href":"https:\/\/tandemteam.es\/fr\/wp-json\/wp\/v2\/product\/33735","targetHints":{"allow":["GET"]}}],"collection":[{"href":"https:\/\/tandemteam.es\/fr\/wp-json\/wp\/v2\/product"}],"about":[{"href":"https:\/\/tandemteam.es\/fr\/wp-json\/wp\/v2\/types\/product"}],"wp:featuredmedia":[{"embeddable":true,"href":"https:\/\/tandemteam.es\/fr\/wp-json\/wp\/v2\/media\/32589"}],"wp:attachment":[{"href":"https:\/\/tandemteam.es\/fr\/wp-json\/wp\/v2\/media?parent=33735"}],"wp:term":[{"taxonomy":"product_brand","embeddable":true,"href":"https:\/\/tandemteam.es\/fr\/wp-json\/wp\/v2\/product_brand?post=33735"},{"taxonomy":"product_cat","embeddable":true,"href":"https:\/\/tandemteam.es\/fr\/wp-json\/wp\/v2\/product_cat?post=33735"},{"taxonomy":"product_tag","embeddable":true,"href":"https:\/\/tandemteam.es\/fr\/wp-json\/wp\/v2\/product_tag?post=33735"}],"curies":[{"name":"wp","href":"https:\/\/api.w.org\/{rel}","templated":true}]}}