{"id":33741,"date":"2020-03-30T05:27:03","date_gmt":"2020-03-30T04:27:03","guid":{"rendered":"https:\/\/tandemteam.es\/product\/vol-guide-avance-plus-de-600m\/"},"modified":"2020-03-30T05:27:03","modified_gmt":"2020-03-30T04:27:03","slug":"vol-guide-avance-plus-de-600m","status":"publish","type":"product","link":"https:\/\/tandemteam.es\/fr\/produit\/vol-guide-avance-plus-de-600m\/","title":{"rendered":"Vol guid\u00e9 &#8211; Avanc\u00e9 &#8211; Plus de 600m"},"content":{"rendered":"<p>&nbsp;<\/p>\n<ul>\n<li class=\"elementor-repeater-item-47f5d25\">\n<div class=\"elementor-price-table__feature-inner\">Pour les personnes qui ont d\u00e9j\u00e0 quelques vols \u00e0 leur actif et qui souhaitent am\u00e9liorer leur technique de vol en thermique ou en pente.<\/div>\n<\/li>\n<li class=\"elementor-repeater-item-58552ce\">\n<div class=\"elementor-price-table__feature-inner\"><i class=\"far fa-check-circle\" aria-hidden=\"true\"><\/i>  Les vols en descente peuvent \u00eatre effectu\u00e9s pour pratiquer les man\u0153uvres de descente, les gaz, la technique de virage, les instruments, etc.<\/div>\n<\/li>\n<li>D\u00e9collages utilis\u00e9s Liri, Pedras Blancas et Intermedio<\/li>\n<li>Pentes entre 800 et 1350 m de d\u00e9nivel\u00e9<\/li>\n<\/ul>\n<p>&nbsp;<\/p>\n","protected":false},"excerpt":{"rendered":"<p>&nbsp; Pour les personnes qui ont d\u00e9j\u00e0 quelques vols \u00e0 leur actif et qui souhaitent am\u00e9liorer leur technique de vol en thermique ou en pente. Les vols en descente peuvent \u00eatre effectu\u00e9s pour pratiquer les man\u0153uvres de descente, les gaz, la technique de virage, les instruments, etc. D\u00e9collages utilis\u00e9s Liri, Pedras Blancas et Intermedio Pentes [&hellip;]<\/p>\n","protected":false},"featured_media":32589,"template":"","meta":[],"product_brand":[],"product_cat":[342],"product_tag":[],"class_list":{"0":"post-33741","1":"product","2":"type-product","3":"status-publish","4":"has-post-thumbnail","6":"product_cat-vols-guides","8":"first","9":"instock","10":"taxable","11":"shipping-taxable","12":"purchasable","13":"product-type-simple"},"aioseo_notices":[],"_links":{"self":[{"href":"https:\/\/tandemteam.es\/fr\/wp-json\/wp\/v2\/product\/33741","targetHints":{"allow":["GET"]}}],"collection":[{"href":"https:\/\/tandemteam.es\/fr\/wp-json\/wp\/v2\/product"}],"about":[{"href":"https:\/\/tandemteam.es\/fr\/wp-json\/wp\/v2\/types\/product"}],"wp:featuredmedia":[{"embeddable":true,"href":"https:\/\/tandemteam.es\/fr\/wp-json\/wp\/v2\/media\/32589"}],"wp:attachment":[{"href":"https:\/\/tandemteam.es\/fr\/wp-json\/wp\/v2\/media?parent=33741"}],"wp:term":[{"taxonomy":"product_brand","embeddable":true,"href":"https:\/\/tandemteam.es\/fr\/wp-json\/wp\/v2\/product_brand?post=33741"},{"taxonomy":"product_cat","embeddable":true,"href":"https:\/\/tandemteam.es\/fr\/wp-json\/wp\/v2\/product_cat?post=33741"},{"taxonomy":"product_tag","embeddable":true,"href":"https:\/\/tandemteam.es\/fr\/wp-json\/wp\/v2\/product_tag?post=33741"}],"curies":[{"name":"wp","href":"https:\/\/api.w.org\/{rel}","templated":true}]}}