{"id":33749,"date":"2020-03-30T15:55:17","date_gmt":"2020-03-30T14:55:17","guid":{"rendered":"https:\/\/tandemteam.es\/product\/premium-pilot-pack\/"},"modified":"2020-03-30T15:55:17","modified_gmt":"2020-03-30T14:55:17","slug":"premium-pilot-pack","status":"publish","type":"product","link":"https:\/\/tandemteam.es\/fr\/produit\/premium-pilot-pack\/","title":{"rendered":"Premium Pilot Pack"},"content":{"rendered":"<ul>\n<li>Pack pilote complet<\/li>\n<li class=\"elementor-price-table__feature-inner\">Tous les cours pack<\/li>\n<li class=\"elementor-price-table__feature-inner\">5% de r\u00e9duction \u00e0 vie sur www.parapenteonline.net<\/li>\n<li class=\"elementor-price-table__feature-inner\">Equipement complet de parapente<\/li>\n<li class=\"elementor-price-table__feature-inner\">Parapente et parachute Davinci, harnais d&rsquo;initiation et casque.<\/li>\n<li class=\"elementor-price-table__feature-inner\">Suivre les 3 cours \u00e0 des dates flexibles<\/li>\n<li class=\"elementor-price-table__feature-inner\">Dur\u00e9e maximale : 2 saisons<\/li>\n<\/ul>\n<div class=\"elementor-price-table__feature-inner\"><i class=\"far fa-check-circle\" aria-hidden=\"true\">Equipement inclus :<\/i><\/div>\n<ul>\n<li class=\"elementor-price-table__feature-inner\">Parapente Rythme 2 Davinci<span style=\"color: #00ccff;\"> <a style=\"color: #00ccff;\" href=\"https:\/\/parapenteonline.net\/parapentes-de-iniciaci%C3%B3n-en-a\/736-3513-rhythm2.html#\/568-color-red\/570-talla-s\/960-complemento-bandas_est%C3%A1ndar\" target=\"_blank\" rel=\"noopener\">VOIR<\/a><\/span><\/li>\n<li class=\"elementor-price-table__feature-inner\">Parachute Comma Davinci<span style=\"color: #00ccff;\"> <a style=\"color: #00ccff;\" href=\"https:\/\/parapenteonline.net\/paraca%C3%ADdas-de-parapente-no-dirigibles\/674-2136-paraca%C3%ADdas-de-parapente-comma-davinci-gliders.html#\/571-talla-m\" target=\"_blank\" rel=\"noopener\">VOIR<\/a><\/span><\/li>\n<li class=\"elementor-price-table__feature-inner\">Chaise Soul Davinci <span style=\"color: #00ccff;\"><a style=\"color: #00ccff;\" href=\"https:\/\/parapenteonline.net\/sillas-de-parapente-de-iniciaci%C3%B3n-y-progresi%C3%B3n\/737-3050-soul.html#\/571-talla-m\" target=\"_blank\" rel=\"noopener\">VOIR<\/a><\/span><\/li>\n<li class=\"elementor-price-table__feature-inner\">Maillon 7 mm peguet <span style=\"color: #00ccff;\"><a style=\"color: #00ccff;\" href=\"https:\/\/parapenteonline.net\/mosquetones-y-maillones\/31-maillon-paracaidas-rectangular-7mm.html\" target=\"_blank\" rel=\"noopener\">VOIR<\/a><\/span><\/li>\n<\/ul>\n<div><\/div>\n<div>Options d&rsquo;all\u00e8gement ou d&rsquo;extension de l&rsquo;\u00e9quipement :<\/div>\n<ul>\n<li>Emetteur Yaesu FT4X <a href=\"https:\/\/parapenteonline.net\/emisoras-de-parapente-y-accesorios\/786-emisora-yaesu-ft-4xe.html\" target=\"_blank\" rel=\"noopener\"><span style=\"color: #00ccff;\">VOIR<\/span><\/a> +85\u20ac<\/li>\n<li>Parapente Hula Light <a href=\"https:\/\/parapenteonline.net\/parapentes-de-iniciaci%C3%B3n-en-a\/738-3391-parapente-hula-ultraligero-davinci-gliders.html#\/743-talla-19\/909-complemento-bandas_keblar_12_mm\/941-color-blue\" target=\"_blank\" rel=\"noopener\"><span style=\"color: #00ccff;\">VOIR<\/span><\/a> +486\u20ac<\/li>\n<li>Chaise Soul r\u00e9versible plus l\u00e9g\u00e8re et plus compacte <a href=\"https:\/\/parapenteonline.net\/sillas-de-parapente-reversibles\/748-3117-silla-parapente-duo-reversible-davinci.html#\/571-talla-m\" target=\"_blank\" rel=\"noopener\"><span style=\"color: #00ccff;\">VOIR<\/span><\/a> +145\u20ac<\/li>\n<li>Parachute Comma Lite plus l\u00e9ger et plus compact <a href=\"https:\/\/parapenteonline.net\/cuadrados-otras-formas\/715-2905-paraca%C3%ADdas-de-parapente-cuadradodo-comma-lite-davinci-gliders.html#\/571-talla-m\" target=\"_blank\" rel=\"noopener\"><span style=\"color: #00ccff;\">VOIR<\/span><\/a> +165\u20ac<\/li>\n<\/ul>\n","protected":false},"excerpt":{"rendered":"<p>Pack pilote complet Tous les cours pack 5% de r\u00e9duction \u00e0 vie sur www.parapenteonline.net Equipement complet de parapente Parapente et parachute Davinci, harnais d&rsquo;initiation et casque. Suivre les 3 cours \u00e0 des dates flexibles Dur\u00e9e maximale : 2 saisons Equipement inclus : Parapente Rythme 2 Davinci VOIR Parachute Comma Davinci VOIR Chaise Soul Davinci VOIR [&hellip;]<\/p>\n","protected":false},"featured_media":31611,"template":"","meta":[],"product_brand":[],"product_cat":[341],"product_tag":[],"class_list":{"0":"post-33749","1":"product","2":"type-product","3":"status-publish","4":"has-post-thumbnail","6":"product_cat-non-categorise","8":"first","9":"instock","10":"sale","11":"taxable","12":"shipping-taxable","13":"purchasable","14":"product-type-simple"},"aioseo_notices":[],"_links":{"self":[{"href":"https:\/\/tandemteam.es\/fr\/wp-json\/wp\/v2\/product\/33749","targetHints":{"allow":["GET"]}}],"collection":[{"href":"https:\/\/tandemteam.es\/fr\/wp-json\/wp\/v2\/product"}],"about":[{"href":"https:\/\/tandemteam.es\/fr\/wp-json\/wp\/v2\/types\/product"}],"wp:featuredmedia":[{"embeddable":true,"href":"https:\/\/tandemteam.es\/fr\/wp-json\/wp\/v2\/media\/31611"}],"wp:attachment":[{"href":"https:\/\/tandemteam.es\/fr\/wp-json\/wp\/v2\/media?parent=33749"}],"wp:term":[{"taxonomy":"product_brand","embeddable":true,"href":"https:\/\/tandemteam.es\/fr\/wp-json\/wp\/v2\/product_brand?post=33749"},{"taxonomy":"product_cat","embeddable":true,"href":"https:\/\/tandemteam.es\/fr\/wp-json\/wp\/v2\/product_cat?post=33749"},{"taxonomy":"product_tag","embeddable":true,"href":"https:\/\/tandemteam.es\/fr\/wp-json\/wp\/v2\/product_tag?post=33749"}],"curies":[{"name":"wp","href":"https:\/\/api.w.org\/{rel}","templated":true}]}}