{"id":33750,"date":"2021-03-05T18:33:51","date_gmt":"2021-03-05T17:33:51","guid":{"rendered":"https:\/\/tandemteam.es\/product\/vol-guide-vol-guide-a-distance-reservation\/"},"modified":"2021-03-05T18:33:51","modified_gmt":"2021-03-05T17:33:51","slug":"vol-guide-vol-guide-a-distance-reservation","status":"publish","type":"product","link":"https:\/\/tandemteam.es\/fr\/produit\/vol-guide-vol-guide-a-distance-reservation\/","title":{"rendered":"Vol guid\u00e9 &#8211; Vol guid\u00e9 \u00e0 distance &#8211; R\u00e9servation"},"content":{"rendered":"<div class=\"elementor-price-table__feature-inner\">\n<ul>\n<li>R\u00e9servation<\/li>\n<li>Voyage dans d&rsquo;autres vall\u00e9es et montagnes (en fonction des conditions m\u00e9t\u00e9orologiques).<\/li>\n<li>Le vol peut durer plus de 2 heures<\/li>\n<li>Communication et assistance en vol<\/li>\n<li>Partage de concepts avant le d\u00e9collage (Briefing)<\/li>\n<li>Prise en charge incluse<\/li>\n<li>1 vol<\/li>\n<li>Le reste du vol est payable dans nos bureaux<\/li>\n<\/ul>\n<\/div>\n<p>&nbsp;<\/p>\n","protected":false},"excerpt":{"rendered":"<p>R\u00e9servation Voyage dans d&rsquo;autres vall\u00e9es et montagnes (en fonction des conditions m\u00e9t\u00e9orologiques). Le vol peut durer plus de 2 heures Communication et assistance en vol Partage de concepts avant le d\u00e9collage (Briefing) Prise en charge incluse 1 vol Le reste du vol est payable dans nos bureaux &nbsp;<\/p>\n","protected":false},"featured_media":32868,"template":"","meta":[],"product_brand":[],"product_cat":[342],"product_tag":[],"class_list":{"0":"post-33750","1":"product","2":"type-product","3":"status-publish","4":"has-post-thumbnail","6":"product_cat-vols-guides","8":"first","9":"instock","10":"taxable","11":"shipping-taxable","12":"purchasable","13":"product-type-simple"},"aioseo_notices":[],"_links":{"self":[{"href":"https:\/\/tandemteam.es\/fr\/wp-json\/wp\/v2\/product\/33750","targetHints":{"allow":["GET"]}}],"collection":[{"href":"https:\/\/tandemteam.es\/fr\/wp-json\/wp\/v2\/product"}],"about":[{"href":"https:\/\/tandemteam.es\/fr\/wp-json\/wp\/v2\/types\/product"}],"wp:featuredmedia":[{"embeddable":true,"href":"https:\/\/tandemteam.es\/fr\/wp-json\/wp\/v2\/media\/32868"}],"wp:attachment":[{"href":"https:\/\/tandemteam.es\/fr\/wp-json\/wp\/v2\/media?parent=33750"}],"wp:term":[{"taxonomy":"product_brand","embeddable":true,"href":"https:\/\/tandemteam.es\/fr\/wp-json\/wp\/v2\/product_brand?post=33750"},{"taxonomy":"product_cat","embeddable":true,"href":"https:\/\/tandemteam.es\/fr\/wp-json\/wp\/v2\/product_cat?post=33750"},{"taxonomy":"product_tag","embeddable":true,"href":"https:\/\/tandemteam.es\/fr\/wp-json\/wp\/v2\/product_tag?post=33750"}],"curies":[{"name":"wp","href":"https:\/\/api.w.org\/{rel}","templated":true}]}}