{"id":33761,"date":"2022-05-08T08:54:47","date_gmt":"2022-05-08T07:54:47","guid":{"rendered":"https:\/\/tandemteam.es\/product\/parapente-ou-transport-a-velo\/"},"modified":"2022-05-08T08:54:47","modified_gmt":"2022-05-08T07:54:47","slug":"parapente-ou-transport-a-velo","status":"publish","type":"product","link":"https:\/\/tandemteam.es\/fr\/produit\/parapente-ou-transport-a-velo\/","title":{"rendered":"Parapente ou transport \u00e0 v\u00e9lo"},"content":{"rendered":"<p>Transport jusqu&rsquo;au d\u00e9collage du parapente ou jusqu&rsquo;au point de d\u00e9part de la descente \u00e0 v\u00e9lo.<\/p>\n","protected":false},"excerpt":{"rendered":"<p>Transport jusqu&rsquo;au d\u00e9collage du parapente ou jusqu&rsquo;au point de d\u00e9part de la descente \u00e0 v\u00e9lo.<\/p>\n","protected":false},"featured_media":28359,"template":"","meta":[],"product_brand":[],"product_cat":[350],"product_tag":[351,352],"class_list":{"0":"post-33761","1":"product","2":"type-product","3":"status-publish","4":"has-post-thumbnail","6":"product_cat-remorquage-de-bicyclettes-ou-de-velos","7":"product_tag-remontee-mecanique","8":"product_tag-transport","9":"bookacti-activity","11":"first","12":"instock","13":"taxable","14":"shipping-taxable","15":"purchasable","16":"product-type-simple"},"aioseo_notices":[],"_links":{"self":[{"href":"https:\/\/tandemteam.es\/fr\/wp-json\/wp\/v2\/product\/33761","targetHints":{"allow":["GET"]}}],"collection":[{"href":"https:\/\/tandemteam.es\/fr\/wp-json\/wp\/v2\/product"}],"about":[{"href":"https:\/\/tandemteam.es\/fr\/wp-json\/wp\/v2\/types\/product"}],"wp:featuredmedia":[{"embeddable":true,"href":"https:\/\/tandemteam.es\/fr\/wp-json\/wp\/v2\/media\/28359"}],"wp:attachment":[{"href":"https:\/\/tandemteam.es\/fr\/wp-json\/wp\/v2\/media?parent=33761"}],"wp:term":[{"taxonomy":"product_brand","embeddable":true,"href":"https:\/\/tandemteam.es\/fr\/wp-json\/wp\/v2\/product_brand?post=33761"},{"taxonomy":"product_cat","embeddable":true,"href":"https:\/\/tandemteam.es\/fr\/wp-json\/wp\/v2\/product_cat?post=33761"},{"taxonomy":"product_tag","embeddable":true,"href":"https:\/\/tandemteam.es\/fr\/wp-json\/wp\/v2\/product_tag?post=33761"}],"curies":[{"name":"wp","href":"https:\/\/api.w.org\/{rel}","templated":true}]}}