{"id":33777,"date":"2020-03-28T19:03:25","date_gmt":"2020-03-28T18:03:25","guid":{"rendered":"https:\/\/tandemteam.es\/product\/rials-de-decollage-a-350m-pro-flight-totalite\/"},"modified":"2020-03-28T19:03:25","modified_gmt":"2020-03-28T18:03:25","slug":"rials-de-decollage-a-350m-pro-flight-totalite","status":"publish","type":"product","link":"https:\/\/tandemteam.es\/fr\/produit\/rials-de-decollage-a-350m-pro-flight-totalite\/","title":{"rendered":"Rials de d\u00e9collage \u00e0 &lt;350m | Pro Flight &#8211; Totalit\u00e9"},"content":{"rendered":"<ul>\n<li>Le vol est de 350 m. de d\u00e9nivel\u00e9. <\/li>\n<li>Dur\u00e9e du vol : environ 20 minutes.<\/li>\n<li>L&rsquo;ensemble de l&rsquo;activit\u00e9 dure 1 heure.<\/li>\n<li>Transport inclus<\/li>\n<\/ul>\n<p>&nbsp;<\/p>\n","protected":false},"excerpt":{"rendered":"<p>Le vol est de 350 m. de d\u00e9nivel\u00e9. Dur\u00e9e du vol : environ 20 minutes. L&rsquo;ensemble de l&rsquo;activit\u00e9 dure 1 heure. Transport inclus &nbsp;<\/p>\n","protected":false},"featured_media":32865,"template":"","meta":[],"product_brand":[],"product_cat":[343],"product_tag":[],"class_list":{"0":"post-33777","1":"product","2":"type-product","3":"status-publish","4":"has-post-thumbnail","6":"product_cat-tandem","8":"first","9":"instock","10":"sale","11":"virtual","12":"taxable","13":"purchasable","14":"product-type-simple"},"aioseo_notices":[],"_links":{"self":[{"href":"https:\/\/tandemteam.es\/fr\/wp-json\/wp\/v2\/product\/33777","targetHints":{"allow":["GET"]}}],"collection":[{"href":"https:\/\/tandemteam.es\/fr\/wp-json\/wp\/v2\/product"}],"about":[{"href":"https:\/\/tandemteam.es\/fr\/wp-json\/wp\/v2\/types\/product"}],"wp:featuredmedia":[{"embeddable":true,"href":"https:\/\/tandemteam.es\/fr\/wp-json\/wp\/v2\/media\/32865"}],"wp:attachment":[{"href":"https:\/\/tandemteam.es\/fr\/wp-json\/wp\/v2\/media?parent=33777"}],"wp:term":[{"taxonomy":"product_brand","embeddable":true,"href":"https:\/\/tandemteam.es\/fr\/wp-json\/wp\/v2\/product_brand?post=33777"},{"taxonomy":"product_cat","embeddable":true,"href":"https:\/\/tandemteam.es\/fr\/wp-json\/wp\/v2\/product_cat?post=33777"},{"taxonomy":"product_tag","embeddable":true,"href":"https:\/\/tandemteam.es\/fr\/wp-json\/wp\/v2\/product_tag?post=33777"}],"curies":[{"name":"wp","href":"https:\/\/api.w.org\/{rel}","templated":true}]}}