{"id":33783,"date":"2020-03-28T19:03:25","date_gmt":"2020-03-28T18:03:25","guid":{"rendered":"https:\/\/tandemteam.es\/product\/decollage-rials-a-350m-vol-standard-reservation\/"},"modified":"2020-03-28T19:03:25","modified_gmt":"2020-03-28T18:03:25","slug":"decollage-rials-a-350m-vol-standard-reservation","status":"publish","type":"product","link":"https:\/\/tandemteam.es\/fr\/produit\/decollage-rials-a-350m-vol-standard-reservation\/","title":{"rendered":"D\u00e9collage Rials \u00e0 &lt;350m | Vol standard &#8211; R\u00e9servation"},"content":{"rendered":"<ul>\n<li>R\u00e9servation<\/li>\n<li>Le vol est de 350 m. de d\u00e9nivel\u00e9. <\/li>\n<li>Dur\u00e9e du vol inf\u00e9rieure ou \u00e9gale \u00e0 10 minutes<\/li>\n<li>L&rsquo;ensemble de l&rsquo;activit\u00e9 dure 1 heure.<\/li>\n<li>Transport inclus<\/li>\n<li>Le reste du vol est payable dans nos bureaux<\/li>\n<\/ul>\n","protected":false},"excerpt":{"rendered":"<p>R\u00e9servation Le vol est de 350 m. de d\u00e9nivel\u00e9. Dur\u00e9e du vol inf\u00e9rieure ou \u00e9gale \u00e0 10 minutes L&rsquo;ensemble de l&rsquo;activit\u00e9 dure 1 heure. Transport inclus Le reste du vol est payable dans nos bureaux<\/p>\n","protected":false},"featured_media":32865,"template":"","meta":[],"product_brand":[],"product_cat":[343],"product_tag":[],"class_list":{"0":"post-33783","1":"product","2":"type-product","3":"status-publish","4":"has-post-thumbnail","6":"product_cat-tandem","8":"first","9":"instock","10":"virtual","11":"taxable","12":"purchasable","13":"product-type-simple"},"aioseo_notices":[],"_links":{"self":[{"href":"https:\/\/tandemteam.es\/fr\/wp-json\/wp\/v2\/product\/33783","targetHints":{"allow":["GET"]}}],"collection":[{"href":"https:\/\/tandemteam.es\/fr\/wp-json\/wp\/v2\/product"}],"about":[{"href":"https:\/\/tandemteam.es\/fr\/wp-json\/wp\/v2\/types\/product"}],"wp:featuredmedia":[{"embeddable":true,"href":"https:\/\/tandemteam.es\/fr\/wp-json\/wp\/v2\/media\/32865"}],"wp:attachment":[{"href":"https:\/\/tandemteam.es\/fr\/wp-json\/wp\/v2\/media?parent=33783"}],"wp:term":[{"taxonomy":"product_brand","embeddable":true,"href":"https:\/\/tandemteam.es\/fr\/wp-json\/wp\/v2\/product_brand?post=33783"},{"taxonomy":"product_cat","embeddable":true,"href":"https:\/\/tandemteam.es\/fr\/wp-json\/wp\/v2\/product_cat?post=33783"},{"taxonomy":"product_tag","embeddable":true,"href":"https:\/\/tandemteam.es\/fr\/wp-json\/wp\/v2\/product_tag?post=33783"}],"curies":[{"name":"wp","href":"https:\/\/api.w.org\/{rel}","templated":true}]}}