{"id":33793,"date":"2020-03-28T19:03:25","date_gmt":"2020-03-28T18:03:25","guid":{"rendered":"https:\/\/tandemteam.es\/product\/decollage-liri-a-1350m-vol-standard-reservation\/"},"modified":"2020-03-28T19:03:25","modified_gmt":"2020-03-28T18:03:25","slug":"decollage-liri-a-1350m-vol-standard-reservation","status":"publish","type":"product","link":"https:\/\/tandemteam.es\/fr\/produit\/decollage-liri-a-1350m-vol-standard-reservation\/","title":{"rendered":"D\u00e9collage Liri \u00e0 1350m &#8211; Vol standard &#8211; R\u00e9servation"},"content":{"rendered":"<ul>\n<li>R\u00e9servation<\/li>\n<li>Le d\u00e9collage le plus haut avec vue sur les Pyr\u00e9n\u00e9es<\/li>\n<li>Vol avec jusqu&rsquo;\u00e0 1350 m de d\u00e9nivel\u00e9<\/li>\n<li>Dur\u00e9e du vol 25-30 min.<\/li>\n<li>L&rsquo;ensemble de l&rsquo;activit\u00e9 dure 2 heures.<\/li>\n<li>Transport inclus<\/li>\n<li>Le reste du vol est payable dans nos bureaux<\/li>\n<\/ul>\n","protected":false},"excerpt":{"rendered":"<p>R\u00e9servation Le d\u00e9collage le plus haut avec vue sur les Pyr\u00e9n\u00e9es Vol avec jusqu&rsquo;\u00e0 1350 m de d\u00e9nivel\u00e9 Dur\u00e9e du vol 25-30 min. L&rsquo;ensemble de l&rsquo;activit\u00e9 dure 2 heures. Transport inclus Le reste du vol est payable dans nos bureaux<\/p>\n","protected":false},"featured_media":32862,"template":"","meta":[],"product_brand":[],"product_cat":[343],"product_tag":[],"class_list":{"0":"post-33793","1":"product","2":"type-product","3":"status-publish","4":"has-post-thumbnail","6":"product_cat-tandem","8":"first","9":"instock","10":"virtual","11":"taxable","12":"purchasable","13":"product-type-simple"},"aioseo_notices":[],"_links":{"self":[{"href":"https:\/\/tandemteam.es\/fr\/wp-json\/wp\/v2\/product\/33793","targetHints":{"allow":["GET"]}}],"collection":[{"href":"https:\/\/tandemteam.es\/fr\/wp-json\/wp\/v2\/product"}],"about":[{"href":"https:\/\/tandemteam.es\/fr\/wp-json\/wp\/v2\/types\/product"}],"wp:featuredmedia":[{"embeddable":true,"href":"https:\/\/tandemteam.es\/fr\/wp-json\/wp\/v2\/media\/32862"}],"wp:attachment":[{"href":"https:\/\/tandemteam.es\/fr\/wp-json\/wp\/v2\/media?parent=33793"}],"wp:term":[{"taxonomy":"product_brand","embeddable":true,"href":"https:\/\/tandemteam.es\/fr\/wp-json\/wp\/v2\/product_brand?post=33793"},{"taxonomy":"product_cat","embeddable":true,"href":"https:\/\/tandemteam.es\/fr\/wp-json\/wp\/v2\/product_cat?post=33793"},{"taxonomy":"product_tag","embeddable":true,"href":"https:\/\/tandemteam.es\/fr\/wp-json\/wp\/v2\/product_tag?post=33793"}],"curies":[{"name":"wp","href":"https:\/\/api.w.org\/{rel}","templated":true}]}}