{"id":33801,"date":"2020-03-28T19:03:26","date_gmt":"2020-03-28T18:03:26","guid":{"rendered":"https:\/\/tandemteam.es\/product\/cours-de-progression-avec-son-propre-equipement-totalite\/"},"modified":"2020-03-28T19:03:26","modified_gmt":"2020-03-28T18:03:26","slug":"cours-de-progression-avec-son-propre-equipement-totalite","status":"publish","type":"product","link":"https:\/\/tandemteam.es\/fr\/produit\/cours-de-progression-avec-son-propre-equipement-totalite\/","title":{"rendered":"Cours de progression &#8211; Avec son propre \u00e9quipement &#8211; Totalit\u00e9"},"content":{"rendered":"<ul class=\"elementor-price-table__features-list\">\n<li class=\"elementor-repeater-item-47f5d25\">\n<div class=\"elementor-price-table__feature-inner\">10 vols ou plus<\/div>\n<\/li>\n<li class=\"elementor-repeater-item-58552ce\">\n<div class=\"elementor-price-table__feature-inner\"><i class=\"far fa-check-circle\" aria-hidden=\"true\"><\/i>  5 jours de stages<\/div>\n<\/li>\n<li class=\"elementor-repeater-item-887a4d9\">\n<div class=\"elementor-price-table__feature-inner\"><i class=\"far fa-check-circle\" aria-hidden=\"true\"><\/i>Nous vous accordons une r\u00e9duction pour l&rsquo;utilisation de votre mat\u00e9riel.<\/div>\n<\/li>\n<li>Transport inclus pendant l&rsquo;activit\u00e9<\/li>\n<\/ul>\n<p>&nbsp;<\/p>\n","protected":false},"excerpt":{"rendered":"<p>10 vols ou plus 5 jours de stages Nous vous accordons une r\u00e9duction pour l&rsquo;utilisation de votre mat\u00e9riel. Transport inclus pendant l&rsquo;activit\u00e9 &nbsp;<\/p>\n","protected":false},"featured_media":31131,"template":"","meta":[],"product_brand":[],"product_cat":[341],"product_tag":[],"class_list":{"0":"post-33801","1":"product","2":"type-product","3":"status-publish","4":"has-post-thumbnail","6":"product_cat-non-categorise","8":"first","9":"outofstock","10":"virtual","11":"taxable","12":"purchasable","13":"product-type-simple"},"aioseo_notices":[],"_links":{"self":[{"href":"https:\/\/tandemteam.es\/fr\/wp-json\/wp\/v2\/product\/33801","targetHints":{"allow":["GET"]}}],"collection":[{"href":"https:\/\/tandemteam.es\/fr\/wp-json\/wp\/v2\/product"}],"about":[{"href":"https:\/\/tandemteam.es\/fr\/wp-json\/wp\/v2\/types\/product"}],"wp:featuredmedia":[{"embeddable":true,"href":"https:\/\/tandemteam.es\/fr\/wp-json\/wp\/v2\/media\/31131"}],"wp:attachment":[{"href":"https:\/\/tandemteam.es\/fr\/wp-json\/wp\/v2\/media?parent=33801"}],"wp:term":[{"taxonomy":"product_brand","embeddable":true,"href":"https:\/\/tandemteam.es\/fr\/wp-json\/wp\/v2\/product_brand?post=33801"},{"taxonomy":"product_cat","embeddable":true,"href":"https:\/\/tandemteam.es\/fr\/wp-json\/wp\/v2\/product_cat?post=33801"},{"taxonomy":"product_tag","embeddable":true,"href":"https:\/\/tandemteam.es\/fr\/wp-json\/wp\/v2\/product_tag?post=33801"}],"curies":[{"name":"wp","href":"https:\/\/api.w.org\/{rel}","templated":true}]}}